{"id":3601,"date":"2021-12-06T12:06:51","date_gmt":"2021-12-06T12:06:51","guid":{"rendered":"https:\/\/druidauniverse.com\/?page_id=3601"},"modified":"2022-01-29T12:27:19","modified_gmt":"2022-01-29T12:27:19","slug":"dream-catchers-portfolio","status":"publish","type":"page","link":"https:\/\/druidauniverse.com\/pt\/dream-catchers-portfolio\/","title":{"rendered":"Dream catchers-Portfolio"},"content":{"rendered":"<div data-elementor-type=\"wp-page\" data-elementor-id=\"3601\" class=\"elementor elementor-3601\">\n\t\t\t\t\t\t<section class=\"elementor-section elementor-top-section elementor-element elementor-element-805b8ad elementor-section-full_width elementor-section-height-min-height elementor-section-height-default elementor-section-items-middle\" data-id=\"805b8ad\" data-element_type=\"section\" data-settings=\"{&quot;background_background&quot;:&quot;classic&quot;}\">\n\t\t\t\t\t\t<div class=\"elementor-container elementor-column-gap-default\">\n\t\t\t\t\t<div class=\"elementor-column elementor-col-100 elementor-top-column elementor-element elementor-element-285933c\" data-id=\"285933c\" data-element_type=\"column\">\n\t\t\t<div class=\"elementor-widget-wrap elementor-element-populated\">\n\t\t\t\t\t\t<div class=\"elementor-element elementor-element-e9ac77e elementor-widget elementor-widget-heading\" data-id=\"e9ac77e\" data-element_type=\"widget\" data-widget_type=\"heading.default\">\n\t\t\t\t<div class=\"elementor-widget-container\">\n\t\t\t\t\t<h2 class=\"elementor-heading-title elementor-size-default\">Filtros de sonhos<\/h2>\t\t\t\t<\/div>\n\t\t\t\t<\/div>\n\t\t\t\t\t<\/div>\n\t\t<\/div>\n\t\t\t\t\t<\/div>\n\t\t<\/section>\n\t\t\t\t<section class=\"elementor-section elementor-top-section elementor-element elementor-element-8becc85 elementor-section-boxed elementor-section-height-default elementor-section-height-default\" data-id=\"8becc85\" data-element_type=\"section\">\n\t\t\t\t\t\t<div class=\"elementor-container elementor-column-gap-default\">\n\t\t\t\t\t<div class=\"elementor-column elementor-col-100 elementor-top-column elementor-element elementor-element-7b25210\" data-id=\"7b25210\" data-element_type=\"column\">\n\t\t\t<div class=\"elementor-widget-wrap elementor-element-populated\">\n\t\t\t\t\t\t<div class=\"elementor-element elementor-element-1a51000 elementor-widget elementor-widget-text-editor\" data-id=\"1a51000\" data-element_type=\"widget\" data-widget_type=\"text-editor.default\">\n\t\t\t\t<div class=\"elementor-widget-container\">\n\t\t\t\t\t\t\t\t\t<p><em>\u00a0~ Os filtros de sonhos s\u00e3o um talism\u00e3 protetor ~<\/em><\/p>\t\t\t\t\t\t\t\t<\/div>\n\t\t\t\t<\/div>\n\t\t\t\t<div class=\"elementor-element elementor-element-289c237 elementor-widget elementor-widget-text-editor\" data-id=\"289c237\" data-element_type=\"widget\" data-widget_type=\"text-editor.default\">\n\t\t\t\t<div class=\"elementor-widget-container\">\n\t\t\t\t\t\t\t\t\t<p class=\"sqsrte-large\" style=\"text-align: center; white-space: pre-wrap;\">Todos os nossos produtos s\u00e3o feitos de materiais reutilizados e reciclados.<\/p><p class=\"sqsrte-large\" style=\"text-align: center; white-space: pre-wrap;\">As nossas pe\u00e7as t\u00eam trabalho artesanal em madeira, que nos ensinou acima de tudo paci\u00eancia\u2026 e um bem-estar avassalador.<\/p><p class=\"sqsrte-large\" style=\"text-align: center; white-space: pre-wrap;\">Utilizamos a madeira de forma sustent\u00e1vel, sem prejudicar o crescimento natural da \u00e1rvore ou planta.<\/p>\t\t\t\t\t\t\t\t<\/div>\n\t\t\t\t<\/div>\n\t\t\t\t\t<\/div>\n\t\t<\/div>\n\t\t\t\t\t<\/div>\n\t\t<\/section>\n\t\t\t\t<section class=\"elementor-section elementor-top-section elementor-element elementor-element-43h5mwg elementor-section-boxed elementor-section-height-default elementor-section-height-default\" data-id=\"43h5mwg\" data-element_type=\"section\" data-settings=\"{&quot;background_background&quot;:&quot;classic&quot;}\">\n\t\t\t\t\t\t<div class=\"elementor-container elementor-column-gap-default\">\n\t\t\t\t\t<div class=\"elementor-column elementor-col-50 elementor-top-column elementor-element elementor-element-5eb62c9\" data-id=\"5eb62c9\" data-element_type=\"column\">\n\t\t\t<div class=\"elementor-widget-wrap elementor-element-populated\">\n\t\t\t\t\t\t<div class=\"elementor-element elementor-element-302de7a elementor-widget elementor-widget-image-carousel\" data-id=\"302de7a\" data-element_type=\"widget\" data-settings=\"{&quot;slides_to_show&quot;:&quot;1&quot;,&quot;navigation&quot;:&quot;none&quot;,&quot;autoplay_speed&quot;:2000,&quot;autoplay&quot;:&quot;yes&quot;,&quot;pause_on_hover&quot;:&quot;yes&quot;,&quot;pause_on_interaction&quot;:&quot;yes&quot;,&quot;infinite&quot;:&quot;yes&quot;,&quot;effect&quot;:&quot;slide&quot;,&quot;speed&quot;:500}\" data-widget_type=\"image-carousel.default\">\n\t\t\t\t<div class=\"elementor-widget-container\">\n\t\t\t\t\t\t\t<div class=\"elementor-image-carousel-wrapper swiper\" role=\"region\" aria-roledescription=\"carousel\" aria-label=\"Image Carousel\" dir=\"ltr\">\n\t\t\t<div class=\"elementor-image-carousel swiper-wrapper\" aria-live=\"off\">\n\t\t\t\t\t\t\t\t<div class=\"swiper-slide\" role=\"group\" aria-roledescription=\"slide\" aria-label=\"1 of 3\"><figure class=\"swiper-slide-inner\"><img decoding=\"async\" class=\"swiper-slide-image\" src=\"https:\/\/druidauniverse.com\/wp-content\/uploads\/2022\/01\/BEADC-scaled.jpg\" alt=\"BEADC\" \/><\/figure><\/div><div class=\"swiper-slide\" role=\"group\" aria-roledescription=\"slide\" aria-label=\"2 of 3\"><figure class=\"swiper-slide-inner\"><img decoding=\"async\" class=\"swiper-slide-image\" src=\"https:\/\/druidauniverse.com\/wp-content\/uploads\/2022\/01\/backbeaDC-scaled.jpg\" alt=\"backbeaDC\" \/><\/figure><\/div><div class=\"swiper-slide\" role=\"group\" aria-roledescription=\"slide\" aria-label=\"3 of 3\"><figure class=\"swiper-slide-inner\"><img decoding=\"async\" class=\"swiper-slide-image\" src=\"https:\/\/druidauniverse.com\/wp-content\/uploads\/2022\/01\/GustinhDC-scaled.jpg\" alt=\"GustinhDC\" \/><\/figure><\/div>\t\t\t<\/div>\n\t\t\t\t\t\t\t\n\t\t\t\t\t\t\t\t\t<\/div>\n\t\t\t\t\t\t<\/div>\n\t\t\t\t<\/div>\n\t\t\t\t\t<\/div>\n\t\t<\/div>\n\t\t\t\t<div class=\"elementor-column elementor-col-50 elementor-top-column elementor-element elementor-element-1392a61\" data-id=\"1392a61\" data-element_type=\"column\">\n\t\t\t<div class=\"elementor-widget-wrap elementor-element-populated\">\n\t\t\t\t\t\t<div class=\"elementor-element elementor-element-a1cd770 elementor-widget elementor-widget-image\" data-id=\"a1cd770\" data-element_type=\"widget\" data-widget_type=\"image.default\">\n\t\t\t\t<div class=\"elementor-widget-container\">\n\t\t\t\t\t\t\t\t\t\t\t\t\t\t\t<img fetchpriority=\"high\" decoding=\"async\" width=\"1024\" height=\"669\" src=\"https:\/\/druidauniverse.com\/wp-content\/uploads\/2021\/12\/1636213648359-1024x669.jpg\" class=\"attachment-large size-large wp-image-5642\" alt=\"\" srcset=\"https:\/\/druidauniverse.com\/wp-content\/uploads\/2021\/12\/1636213648359-1024x669.jpg 1024w, https:\/\/druidauniverse.com\/wp-content\/uploads\/2021\/12\/1636213648359-300x196.jpg 300w, https:\/\/druidauniverse.com\/wp-content\/uploads\/2021\/12\/1636213648359-768x502.jpg 768w, https:\/\/druidauniverse.com\/wp-content\/uploads\/2021\/12\/1636213648359-600x392.jpg 600w, https:\/\/druidauniverse.com\/wp-content\/uploads\/2021\/12\/1636213648359.jpg 1080w\" sizes=\"(max-width: 1024px) 100vw, 1024px\" \/>\t\t\t\t\t\t\t\t\t\t\t\t\t\t\t<\/div>\n\t\t\t\t<\/div>\n\t\t\t\t<div class=\"elementor-element elementor-element-e8cdbdb elementor-widget elementor-widget-image\" data-id=\"e8cdbdb\" data-element_type=\"widget\" data-widget_type=\"image.default\">\n\t\t\t\t<div class=\"elementor-widget-container\">\n\t\t\t\t\t\t\t\t\t\t\t\t\t\t\t<img decoding=\"async\" width=\"1024\" height=\"568\" src=\"https:\/\/druidauniverse.com\/wp-content\/uploads\/2022\/01\/IMG_20201128_184938-1024x568.jpg\" class=\"attachment-large size-large wp-image-5849\" alt=\"\" srcset=\"https:\/\/druidauniverse.com\/wp-content\/uploads\/2022\/01\/IMG_20201128_184938-1024x568.jpg 1024w, https:\/\/druidauniverse.com\/wp-content\/uploads\/2022\/01\/IMG_20201128_184938-300x167.jpg 300w, https:\/\/druidauniverse.com\/wp-content\/uploads\/2022\/01\/IMG_20201128_184938-768x426.jpg 768w, https:\/\/druidauniverse.com\/wp-content\/uploads\/2022\/01\/IMG_20201128_184938-1536x852.jpg 1536w, https:\/\/druidauniverse.com\/wp-content\/uploads\/2022\/01\/IMG_20201128_184938-2048x1137.jpg 2048w, https:\/\/druidauniverse.com\/wp-content\/uploads\/2022\/01\/IMG_20201128_184938-600x333.jpg 600w\" sizes=\"(max-width: 1024px) 100vw, 1024px\" \/>\t\t\t\t\t\t\t\t\t\t\t\t\t\t\t<\/div>\n\t\t\t\t<\/div>\n\t\t\t\t<div class=\"elementor-element elementor-element-7d67140 elementor-widget elementor-widget-image\" data-id=\"7d67140\" data-element_type=\"widget\" data-widget_type=\"image.default\">\n\t\t\t\t<div class=\"elementor-widget-container\">\n\t\t\t\t\t\t\t\t\t\t\t\t\t\t\t<img decoding=\"async\" width=\"1024\" height=\"550\" src=\"https:\/\/druidauniverse.com\/wp-content\/uploads\/2022\/01\/scdsc1-1024x550.jpg\" class=\"attachment-large size-large wp-image-5850\" alt=\"\" srcset=\"https:\/\/druidauniverse.com\/wp-content\/uploads\/2022\/01\/scdsc1-1024x550.jpg 1024w, https:\/\/druidauniverse.com\/wp-content\/uploads\/2022\/01\/scdsc1-300x161.jpg 300w, https:\/\/druidauniverse.com\/wp-content\/uploads\/2022\/01\/scdsc1-768x412.jpg 768w, https:\/\/druidauniverse.com\/wp-content\/uploads\/2022\/01\/scdsc1-600x322.jpg 600w, https:\/\/druidauniverse.com\/wp-content\/uploads\/2022\/01\/scdsc1.jpg 1080w\" sizes=\"(max-width: 1024px) 100vw, 1024px\" \/>\t\t\t\t\t\t\t\t\t\t\t\t\t\t\t<\/div>\n\t\t\t\t<\/div>\n\t\t\t\t\t<\/div>\n\t\t<\/div>\n\t\t\t\t\t<\/div>\n\t\t<\/section>\n\t\t\t\t<section class=\"elementor-section elementor-top-section elementor-element elementor-element-ofje67a elementor-section-boxed elementor-section-height-default elementor-section-height-default\" data-id=\"ofje67a\" data-element_type=\"section\" data-settings=\"{&quot;background_background&quot;:&quot;classic&quot;}\">\n\t\t\t\t\t\t<div class=\"elementor-container elementor-column-gap-default\">\n\t\t\t\t\t<div class=\"elementor-column elementor-col-100 elementor-top-column elementor-element elementor-element-67dd6d7\" data-id=\"67dd6d7\" data-element_type=\"column\">\n\t\t\t<div class=\"elementor-widget-wrap elementor-element-populated\">\n\t\t\t\t\t\t<div class=\"elementor-element elementor-element-dd4e6db gallery-spacing-custom elementor-widget elementor-widget-image-gallery\" data-id=\"dd4e6db\" data-element_type=\"widget\" data-widget_type=\"image-gallery.default\">\n\t\t\t\t<div class=\"elementor-widget-container\">\n\t\t\t\t\t\t\t<div class=\"elementor-image-gallery\">\n\t\t\t<div id='gallery-1' class='gallery galleryid-3601 gallery-columns-3 gallery-size-medium_large'><figure class='gallery-item'>\n\t\t\t<div class='gallery-icon landscape'>\n\t\t\t\t<img loading=\"lazy\" decoding=\"async\" width=\"768\" height=\"768\" src=\"https:\/\/druidauniverse.com\/wp-content\/uploads\/2021\/12\/1636213452577-768x768.jpg\" class=\"attachment-medium_large size-medium_large\" alt=\"\" srcset=\"https:\/\/druidauniverse.com\/wp-content\/uploads\/2021\/12\/1636213452577-768x768.jpg 768w, https:\/\/druidauniverse.com\/wp-content\/uploads\/2021\/12\/1636213452577-300x300.jpg 300w, https:\/\/druidauniverse.com\/wp-content\/uploads\/2021\/12\/1636213452577-1024x1024.jpg 1024w, https:\/\/druidauniverse.com\/wp-content\/uploads\/2021\/12\/1636213452577-150x150.jpg 150w, https:\/\/druidauniverse.com\/wp-content\/uploads\/2021\/12\/1636213452577-600x600.jpg 600w, https:\/\/druidauniverse.com\/wp-content\/uploads\/2021\/12\/1636213452577-100x100.jpg 100w, https:\/\/druidauniverse.com\/wp-content\/uploads\/2021\/12\/1636213452577.jpg 1080w\" sizes=\"(max-width: 768px) 100vw, 768px\" \/>\n\t\t\t<\/div><\/figure><figure class='gallery-item'>\n\t\t\t<div class='gallery-icon portrait'>\n\t\t\t\t<img loading=\"lazy\" decoding=\"async\" width=\"768\" height=\"1365\" src=\"https:\/\/druidauniverse.com\/wp-content\/uploads\/2022\/01\/cutom2-768x1365.jpg\" class=\"attachment-medium_large size-medium_large\" alt=\"\" srcset=\"https:\/\/druidauniverse.com\/wp-content\/uploads\/2022\/01\/cutom2-768x1365.jpg 768w, https:\/\/druidauniverse.com\/wp-content\/uploads\/2022\/01\/cutom2-169x300.jpg 169w, https:\/\/druidauniverse.com\/wp-content\/uploads\/2022\/01\/cutom2-576x1024.jpg 576w, https:\/\/druidauniverse.com\/wp-content\/uploads\/2022\/01\/cutom2-864x1536.jpg 864w, https:\/\/druidauniverse.com\/wp-content\/uploads\/2022\/01\/cutom2-1152x2048.jpg 1152w, https:\/\/druidauniverse.com\/wp-content\/uploads\/2022\/01\/cutom2-600x1067.jpg 600w, https:\/\/druidauniverse.com\/wp-content\/uploads\/2022\/01\/cutom2-scaled.jpg 1440w\" sizes=\"(max-width: 768px) 100vw, 768px\" \/>\n\t\t\t<\/div><\/figure><figure class='gallery-item'>\n\t\t\t<div class='gallery-icon landscape'>\n\t\t\t\t<img loading=\"lazy\" decoding=\"async\" width=\"768\" height=\"768\" src=\"https:\/\/druidauniverse.com\/wp-content\/uploads\/2022\/01\/1636212881652-768x768.jpg\" class=\"attachment-medium_large size-medium_large\" alt=\"\" srcset=\"https:\/\/druidauniverse.com\/wp-content\/uploads\/2022\/01\/1636212881652-768x768.jpg 768w, https:\/\/druidauniverse.com\/wp-content\/uploads\/2022\/01\/1636212881652-300x300.jpg 300w, https:\/\/druidauniverse.com\/wp-content\/uploads\/2022\/01\/1636212881652-1024x1024.jpg 1024w, https:\/\/druidauniverse.com\/wp-content\/uploads\/2022\/01\/1636212881652-150x150.jpg 150w, https:\/\/druidauniverse.com\/wp-content\/uploads\/2022\/01\/1636212881652-600x600.jpg 600w, https:\/\/druidauniverse.com\/wp-content\/uploads\/2022\/01\/1636212881652-100x100.jpg 100w, https:\/\/druidauniverse.com\/wp-content\/uploads\/2022\/01\/1636212881652.jpg 1080w\" sizes=\"(max-width: 768px) 100vw, 768px\" \/>\n\t\t\t<\/div><\/figure><figure class='gallery-item'>\n\t\t\t<div class='gallery-icon portrait'>\n\t\t\t\t<img loading=\"lazy\" decoding=\"async\" width=\"768\" height=\"1024\" src=\"https:\/\/druidauniverse.com\/wp-content\/uploads\/2022\/01\/VLE-768x1024.jpg\" class=\"attachment-medium_large size-medium_large\" alt=\"\" srcset=\"https:\/\/druidauniverse.com\/wp-content\/uploads\/2022\/01\/VLE-768x1024.jpg 768w, https:\/\/druidauniverse.com\/wp-content\/uploads\/2022\/01\/VLE-225x300.jpg 225w, https:\/\/druidauniverse.com\/wp-content\/uploads\/2022\/01\/VLE-1152x1536.jpg 1152w, https:\/\/druidauniverse.com\/wp-content\/uploads\/2022\/01\/VLE-1536x2048.jpg 1536w, https:\/\/druidauniverse.com\/wp-content\/uploads\/2022\/01\/VLE-600x800.jpg 600w, https:\/\/druidauniverse.com\/wp-content\/uploads\/2022\/01\/VLE-scaled.jpg 1920w\" sizes=\"(max-width: 768px) 100vw, 768px\" \/>\n\t\t\t<\/div><\/figure><figure class='gallery-item'>\n\t\t\t<div class='gallery-icon portrait'>\n\t\t\t\t<img loading=\"lazy\" decoding=\"async\" width=\"768\" height=\"912\" src=\"https:\/\/druidauniverse.com\/wp-content\/uploads\/2022\/01\/SPIRALD-768x912.jpg\" class=\"attachment-medium_large size-medium_large\" alt=\"\" srcset=\"https:\/\/druidauniverse.com\/wp-content\/uploads\/2022\/01\/SPIRALD-768x912.jpg 768w, https:\/\/druidauniverse.com\/wp-content\/uploads\/2022\/01\/SPIRALD-253x300.jpg 253w, https:\/\/druidauniverse.com\/wp-content\/uploads\/2022\/01\/SPIRALD-862x1024.jpg 862w, https:\/\/druidauniverse.com\/wp-content\/uploads\/2022\/01\/SPIRALD-1293x1536.jpg 1293w, https:\/\/druidauniverse.com\/wp-content\/uploads\/2022\/01\/SPIRALD-1724x2048.jpg 1724w, https:\/\/druidauniverse.com\/wp-content\/uploads\/2022\/01\/SPIRALD-600x713.jpg 600w\" sizes=\"(max-width: 768px) 100vw, 768px\" \/>\n\t\t\t<\/div><\/figure><figure class='gallery-item'>\n\t\t\t<div class='gallery-icon landscape'>\n\t\t\t\t<img loading=\"lazy\" decoding=\"async\" width=\"768\" height=\"768\" src=\"https:\/\/druidauniverse.com\/wp-content\/uploads\/2022\/01\/1636212698992-768x768.jpg\" class=\"attachment-medium_large size-medium_large\" alt=\"\" srcset=\"https:\/\/druidauniverse.com\/wp-content\/uploads\/2022\/01\/1636212698992-768x768.jpg 768w, https:\/\/druidauniverse.com\/wp-content\/uploads\/2022\/01\/1636212698992-300x300.jpg 300w, https:\/\/druidauniverse.com\/wp-content\/uploads\/2022\/01\/1636212698992-1024x1024.jpg 1024w, https:\/\/druidauniverse.com\/wp-content\/uploads\/2022\/01\/1636212698992-150x150.jpg 150w, https:\/\/druidauniverse.com\/wp-content\/uploads\/2022\/01\/1636212698992-600x600.jpg 600w, https:\/\/druidauniverse.com\/wp-content\/uploads\/2022\/01\/1636212698992-100x100.jpg 100w, https:\/\/druidauniverse.com\/wp-content\/uploads\/2022\/01\/1636212698992.jpg 1080w\" sizes=\"(max-width: 768px) 100vw, 768px\" \/>\n\t\t\t<\/div><\/figure><figure class='gallery-item'>\n\t\t\t<div class='gallery-icon portrait'>\n\t\t\t\t<img loading=\"lazy\" decoding=\"async\" width=\"768\" height=\"897\" src=\"https:\/\/druidauniverse.com\/wp-content\/uploads\/2022\/01\/Shelldc2-768x897.jpg\" class=\"attachment-medium_large size-medium_large\" alt=\"\" srcset=\"https:\/\/druidauniverse.com\/wp-content\/uploads\/2022\/01\/Shelldc2-768x897.jpg 768w, https:\/\/druidauniverse.com\/wp-content\/uploads\/2022\/01\/Shelldc2-257x300.jpg 257w, https:\/\/druidauniverse.com\/wp-content\/uploads\/2022\/01\/Shelldc2-877x1024.jpg 877w, https:\/\/druidauniverse.com\/wp-content\/uploads\/2022\/01\/Shelldc2-1315x1536.jpg 1315w, https:\/\/druidauniverse.com\/wp-content\/uploads\/2022\/01\/Shelldc2-1753x2048.jpg 1753w, https:\/\/druidauniverse.com\/wp-content\/uploads\/2022\/01\/Shelldc2-600x701.jpg 600w\" sizes=\"(max-width: 768px) 100vw, 768px\" \/>\n\t\t\t<\/div><\/figure><figure class='gallery-item'>\n\t\t\t<div class='gallery-icon landscape'>\n\t\t\t\t<img loading=\"lazy\" decoding=\"async\" width=\"768\" height=\"768\" src=\"https:\/\/druidauniverse.com\/wp-content\/uploads\/2022\/01\/1636213039981-768x768.jpg\" class=\"attachment-medium_large size-medium_large\" alt=\"\" srcset=\"https:\/\/druidauniverse.com\/wp-content\/uploads\/2022\/01\/1636213039981-768x768.jpg 768w, https:\/\/druidauniverse.com\/wp-content\/uploads\/2022\/01\/1636213039981-300x300.jpg 300w, https:\/\/druidauniverse.com\/wp-content\/uploads\/2022\/01\/1636213039981-1024x1024.jpg 1024w, https:\/\/druidauniverse.com\/wp-content\/uploads\/2022\/01\/1636213039981-150x150.jpg 150w, https:\/\/druidauniverse.com\/wp-content\/uploads\/2022\/01\/1636213039981-600x600.jpg 600w, https:\/\/druidauniverse.com\/wp-content\/uploads\/2022\/01\/1636213039981-100x100.jpg 100w, https:\/\/druidauniverse.com\/wp-content\/uploads\/2022\/01\/1636213039981.jpg 1080w\" sizes=\"(max-width: 768px) 100vw, 768px\" \/>\n\t\t\t<\/div><\/figure>\n\t\t<\/div>\n\t\t<\/div>\n\t\t\t\t\t\t<\/div>\n\t\t\t\t<\/div>\n\t\t\t\t\t<\/div>\n\t\t<\/div>\n\t\t\t\t\t<\/div>\n\t\t<\/section>\n\t\t\t\t<section class=\"elementor-section elementor-top-section elementor-element elementor-element-8e271b5 elementor-section-boxed elementor-section-height-default elementor-section-height-default\" data-id=\"8e271b5\" data-element_type=\"section\">\n\t\t\t\t\t\t<div class=\"elementor-container elementor-column-gap-default\">\n\t\t\t\t\t<div class=\"elementor-column elementor-col-50 elementor-top-column elementor-element elementor-element-6da7b01\" data-id=\"6da7b01\" data-element_type=\"column\">\n\t\t\t<div class=\"elementor-widget-wrap elementor-element-populated\">\n\t\t\t\t\t\t<div class=\"elementor-element elementor-element-0a7df58 elementor-view-default elementor-widget elementor-widget-icon\" data-id=\"0a7df58\" data-element_type=\"widget\" data-widget_type=\"icon.default\">\n\t\t\t\t<div class=\"elementor-widget-container\">\n\t\t\t\t\t\t\t<div class=\"elementor-icon-wrapper\">\n\t\t\t<a class=\"elementor-icon\" href=\"https:\/\/druidauniverse.com\/pt\/jewelry-portfolio\/\">\n\t\t\t<i aria-hidden=\"true\" class=\"icon icon-left-arrows\"><\/i>\t\t\t<\/a>\n\t\t<\/div>\n\t\t\t\t\t\t<\/div>\n\t\t\t\t<\/div>\n\t\t\t\t\t<\/div>\n\t\t<\/div>\n\t\t\t\t<div class=\"elementor-column elementor-col-50 elementor-top-column elementor-element elementor-element-927bb99\" data-id=\"927bb99\" data-element_type=\"column\">\n\t\t\t<div class=\"elementor-widget-wrap elementor-element-populated\">\n\t\t\t\t\t\t<div class=\"elementor-element elementor-element-0bbe0fc elementor-view-default elementor-widget elementor-widget-icon\" data-id=\"0bbe0fc\" data-element_type=\"widget\" data-widget_type=\"icon.default\">\n\t\t\t\t<div class=\"elementor-widget-container\">\n\t\t\t\t\t\t\t<div class=\"elementor-icon-wrapper\">\n\t\t\t<a class=\"elementor-icon\" href=\"https:\/\/druidauniverse.com\/pt\/thriftwear-portfolio\/\">\n\t\t\t<i aria-hidden=\"true\" class=\"icon icon-right-arrow1\"><\/i>\t\t\t<\/a>\n\t\t<\/div>\n\t\t\t\t\t\t<\/div>\n\t\t\t\t<\/div>\n\t\t\t\t\t<\/div>\n\t\t<\/div>\n\t\t\t\t\t<\/div>\n\t\t<\/section>\n\t\t\t\t<\/div>","protected":false},"excerpt":{"rendered":"<p>Dream catchers \u00a0~ Dream catchers are a protective talisman ~ All our products are made out of reused and recycled materials. Our pieces have handmade wood work, which taught us above all patience\u2026 and an overwhelming good feeling. We use wood in a sustainable way, without hurting the natural growth of the tree or plant.<\/p>","protected":false},"author":1,"featured_media":0,"parent":0,"menu_order":0,"comment_status":"closed","ping_status":"closed","template":"","meta":{"site-sidebar-layout":"no-sidebar","site-content-layout":"page-builder","ast-site-content-layout":"default","site-content-style":"default","site-sidebar-style":"default","ast-global-header-display":"","ast-banner-title-visibility":"","ast-main-header-display":"","ast-hfb-above-header-display":"","ast-hfb-below-header-display":"","ast-hfb-mobile-header-display":"","site-post-title":"disabled","ast-breadcrumbs-content":"","ast-featured-img":"disabled","footer-sml-layout":"","ast-disable-related-posts":"","theme-transparent-header-meta":"","adv-header-id-meta":"","stick-header-meta":"","header-above-stick-meta":"","header-main-stick-meta":"","header-below-stick-meta":"","astra-migrate-meta-layouts":"default","ast-page-background-enabled":"default","ast-page-background-meta":{"desktop":{"background-color":"","background-image":"","background-repeat":"repeat","background-position":"center center","background-size":"auto","background-attachment":"scroll","background-type":"","background-media":"","overlay-type":"","overlay-color":"","overlay-opacity":"","overlay-gradient":""},"tablet":{"background-color":"","background-image":"","background-repeat":"repeat","background-position":"center center","background-size":"auto","background-attachment":"scroll","background-type":"","background-media":"","overlay-type":"","overlay-color":"","overlay-opacity":"","overlay-gradient":""},"mobile":{"background-color":"","background-image":"","background-repeat":"repeat","background-position":"center center","background-size":"auto","background-attachment":"scroll","background-type":"","background-media":"","overlay-type":"","overlay-color":"","overlay-opacity":"","overlay-gradient":""}},"ast-content-background-meta":{"desktop":{"background-color":"var(--ast-global-color-5)","background-image":"","background-repeat":"repeat","background-position":"center center","background-size":"auto","background-attachment":"scroll","background-type":"","background-media":"","overlay-type":"","overlay-color":"","overlay-opacity":"","overlay-gradient":""},"tablet":{"background-color":"var(--ast-global-color-5)","background-image":"","background-repeat":"repeat","background-position":"center center","background-size":"auto","background-attachment":"scroll","background-type":"","background-media":"","overlay-type":"","overlay-color":"","overlay-opacity":"","overlay-gradient":""},"mobile":{"background-color":"var(--ast-global-color-5)","background-image":"","background-repeat":"repeat","background-position":"center center","background-size":"auto","background-attachment":"scroll","background-type":"","background-media":"","overlay-type":"","overlay-color":"","overlay-opacity":"","overlay-gradient":""}},"footnotes":""},"class_list":["post-3601","page","type-page","status-publish","hentry"],"_links":{"self":[{"href":"https:\/\/druidauniverse.com\/pt\/wp-json\/wp\/v2\/pages\/3601","targetHints":{"allow":["GET"]}}],"collection":[{"href":"https:\/\/druidauniverse.com\/pt\/wp-json\/wp\/v2\/pages"}],"about":[{"href":"https:\/\/druidauniverse.com\/pt\/wp-json\/wp\/v2\/types\/page"}],"author":[{"embeddable":true,"href":"https:\/\/druidauniverse.com\/pt\/wp-json\/wp\/v2\/users\/1"}],"replies":[{"embeddable":true,"href":"https:\/\/druidauniverse.com\/pt\/wp-json\/wp\/v2\/comments?post=3601"}],"version-history":[{"count":67,"href":"https:\/\/druidauniverse.com\/pt\/wp-json\/wp\/v2\/pages\/3601\/revisions"}],"predecessor-version":[{"id":5887,"href":"https:\/\/druidauniverse.com\/pt\/wp-json\/wp\/v2\/pages\/3601\/revisions\/5887"}],"wp:attachment":[{"href":"https:\/\/druidauniverse.com\/pt\/wp-json\/wp\/v2\/media?parent=3601"}],"curies":[{"name":"wp","href":"https:\/\/api.w.org\/{rel}","templated":true}]}}