{"id":3603,"date":"2021-12-06T12:08:23","date_gmt":"2021-12-06T12:08:23","guid":{"rendered":"https:\/\/druidauniverse.com\/?page_id=3603"},"modified":"2022-01-31T15:05:56","modified_gmt":"2022-01-31T15:05:56","slug":"thriftwear-portfolio","status":"publish","type":"page","link":"https:\/\/druidauniverse.com\/pt\/thriftwear-portfolio\/","title":{"rendered":"Thriftwear-Portfolio"},"content":{"rendered":"<div data-elementor-type=\"wp-page\" data-elementor-id=\"3603\" class=\"elementor elementor-3603\">\n\t\t\t\t\t\t<section class=\"elementor-section elementor-top-section elementor-element elementor-element-805b8ad elementor-section-full_width elementor-section-height-min-height elementor-section-height-default elementor-section-items-middle\" data-id=\"805b8ad\" data-element_type=\"section\" data-settings=\"{&quot;background_background&quot;:&quot;classic&quot;}\">\n\t\t\t\t\t\t<div class=\"elementor-container elementor-column-gap-default\">\n\t\t\t\t\t<div class=\"elementor-column elementor-col-100 elementor-top-column elementor-element elementor-element-285933c\" data-id=\"285933c\" data-element_type=\"column\">\n\t\t\t<div class=\"elementor-widget-wrap elementor-element-populated\">\n\t\t\t\t\t\t<div class=\"elementor-element elementor-element-e9ac77e elementor-widget elementor-widget-heading\" data-id=\"e9ac77e\" data-element_type=\"widget\" data-widget_type=\"heading.default\">\n\t\t\t\t<div class=\"elementor-widget-container\">\n\t\t\t\t\t<h2 class=\"elementor-heading-title elementor-size-default\">Adelo \/  Brech\u00f3<\/h2>\t\t\t\t<\/div>\n\t\t\t\t<\/div>\n\t\t\t\t\t<\/div>\n\t\t<\/div>\n\t\t\t\t\t<\/div>\n\t\t<\/section>\n\t\t\t\t<section class=\"elementor-section elementor-top-section elementor-element elementor-element-bf094c7 elementor-section-boxed elementor-section-height-default elementor-section-height-default\" data-id=\"bf094c7\" data-element_type=\"section\">\n\t\t\t\t\t\t<div class=\"elementor-container elementor-column-gap-default\">\n\t\t\t\t\t<div class=\"elementor-column elementor-col-50 elementor-top-column elementor-element elementor-element-b7edf8f\" data-id=\"b7edf8f\" data-element_type=\"column\">\n\t\t\t<div class=\"elementor-widget-wrap elementor-element-populated\">\n\t\t\t\t\t\t<div class=\"elementor-element elementor-element-1dbefa4 elementor-widget elementor-widget-heading\" data-id=\"1dbefa4\" data-element_type=\"widget\" data-widget_type=\"heading.default\">\n\t\t\t\t<div class=\"elementor-widget-container\">\n\t\t\t\t\t<h6 class=\"elementor-heading-title elementor-size-xl\"><em><h1 style=\"text-align:center;white-space:pre-wrap\"><em>.<br>O futuro \u00e9 segunda-m\u00e3o<br>.<br><\/em><\/h1><\/em><\/h6>\t\t\t\t<\/div>\n\t\t\t\t<\/div>\n\t\t\t\t\t<\/div>\n\t\t<\/div>\n\t\t\t\t<div class=\"elementor-column elementor-col-50 elementor-top-column elementor-element elementor-element-4f719a4\" data-id=\"4f719a4\" data-element_type=\"column\">\n\t\t\t<div class=\"elementor-widget-wrap elementor-element-populated\">\n\t\t\t\t\t\t<div class=\"elementor-element elementor-element-b127a40 elementor-widget elementor-widget-text-editor\" data-id=\"b127a40\" data-element_type=\"widget\" data-widget_type=\"text-editor.default\">\n\t\t\t\t<div class=\"elementor-widget-container\">\n\t\t\t\t\t\t\t\t\t<div id=\"yui_3_17_2_1_1638866138666_429\" class=\"col sqs-col-9 span-9\"><div id=\"block-3b8dffeb90ba5f7c92c1\" class=\"sqs-block html-block sqs-block-html\" data-block-type=\"2\"><div id=\"yui_3_17_2_1_1638866138666_432\" class=\"sqs-block-content\"><p class=\"\">Dar uma segunda vida \u00e0s roupas \u00e9 muito mais do que reutilizar e reaproveitar.<\/p><blockquote id=\"yui_3_17_2_1_1638866138666_431\"><h3 id=\"yui_3_17_2_1_1638866138666_430\">Produtos em segunda m\u00e3o s\u00e3o uma declara\u00e7\u00e3o de uma rede de sustentabilidade.<\/h3><\/blockquote><p class=\"\">\u00c9 atribuir valor a materiais bem conservados feitos por humanos maravilhosos que \u00e0s vezes n\u00e3o recebem o suficiente em troca.<\/p><p class=\"\">\u00c9 admirar a sua arte e funcionalidade para compartilhar dentro de um ciclo de valor, usando todo o seu potencial.<\/p><p class=\"\">\u00c9 levar tudo isso em considera\u00e7\u00e3o e integr\u00e1-lo no nosso sistema socioecon\u00f3mico, oferecendo uma alternativa \u00e0 nossa ind\u00fastria da moda, que tem erros fatais. Erros que nos custam as nossas COMUNIDADES e o PLANETA.<\/p><p class=\"\">\u00c9 fazer press\u00e3o no mercado e demandar mudan\u00e7a sem dizer nada.<\/p><p class=\"sqsrte-large\"><b>N\u00d3S TEMOS O PODER DA ESCOLHA.<\/b><\/p><\/div><\/div><\/div>\t\t\t\t\t\t\t\t<\/div>\n\t\t\t\t<\/div>\n\t\t\t\t\t<\/div>\n\t\t<\/div>\n\t\t\t\t\t<\/div>\n\t\t<\/section>\n\t\t\t\t<section class=\"elementor-section elementor-top-section elementor-element elementor-element-1pc10es elementor-section-full_width elementor-section-stretched elementor-section-height-default elementor-section-height-default\" data-id=\"1pc10es\" data-element_type=\"section\" data-settings=\"{&quot;background_background&quot;:&quot;classic&quot;,&quot;stretch_section&quot;:&quot;section-stretched&quot;}\">\n\t\t\t\t\t\t<div class=\"elementor-container elementor-column-gap-default\">\n\t\t\t\t\t<div class=\"elementor-column elementor-col-100 elementor-top-column elementor-element elementor-element-67dd6d7\" data-id=\"67dd6d7\" data-element_type=\"column\">\n\t\t\t<div class=\"elementor-widget-wrap elementor-element-populated\">\n\t\t\t\t\t\t<div class=\"elementor-element elementor-element-dd4e6db gallery-spacing-custom elementor-widget elementor-widget-image-gallery\" data-id=\"dd4e6db\" data-element_type=\"widget\" data-widget_type=\"image-gallery.default\">\n\t\t\t\t<div class=\"elementor-widget-container\">\n\t\t\t\t\t\t\t<div class=\"elementor-image-gallery\">\n\t\t\t<div id='gallery-1' class='gallery galleryid-3603 gallery-columns-3 gallery-size-full'><figure class='gallery-item'>\n\t\t\t<div class='gallery-icon portrait'>\n\t\t\t\t<img fetchpriority=\"high\" decoding=\"async\" width=\"1080\" height=\"1350\" src=\"https:\/\/druidauniverse.com\/wp-content\/uploads\/2022\/01\/1636473816282.jpg\" class=\"attachment-full size-full\" alt=\"\" srcset=\"https:\/\/druidauniverse.com\/wp-content\/uploads\/2022\/01\/1636473816282.jpg 1080w, https:\/\/druidauniverse.com\/wp-content\/uploads\/2022\/01\/1636473816282-240x300.jpg 240w, https:\/\/druidauniverse.com\/wp-content\/uploads\/2022\/01\/1636473816282-819x1024.jpg 819w, https:\/\/druidauniverse.com\/wp-content\/uploads\/2022\/01\/1636473816282-768x960.jpg 768w, https:\/\/druidauniverse.com\/wp-content\/uploads\/2022\/01\/1636473816282-600x750.jpg 600w\" sizes=\"(max-width: 1080px) 100vw, 1080px\" \/>\n\t\t\t<\/div><\/figure><figure class='gallery-item'>\n\t\t\t<div class='gallery-icon landscape'>\n\t\t\t\t<img decoding=\"async\" width=\"880\" height=\"544\" src=\"https:\/\/druidauniverse.com\/wp-content\/uploads\/2022\/01\/One.jpg\" class=\"attachment-full size-full\" alt=\"\" srcset=\"https:\/\/druidauniverse.com\/wp-content\/uploads\/2022\/01\/One.jpg 880w, https:\/\/druidauniverse.com\/wp-content\/uploads\/2022\/01\/One-300x185.jpg 300w, https:\/\/druidauniverse.com\/wp-content\/uploads\/2022\/01\/One-768x475.jpg 768w, https:\/\/druidauniverse.com\/wp-content\/uploads\/2022\/01\/One-600x371.jpg 600w\" sizes=\"(max-width: 880px) 100vw, 880px\" \/>\n\t\t\t<\/div><\/figure><figure class='gallery-item'>\n\t\t\t<div class='gallery-icon portrait'>\n\t\t\t\t<img decoding=\"async\" width=\"1079\" height=\"1920\" src=\"https:\/\/druidauniverse.com\/wp-content\/uploads\/2022\/01\/WhatsApp-Image-2021-11-09-at-16.23.07.jpeg\" class=\"attachment-full size-full\" alt=\"\" srcset=\"https:\/\/druidauniverse.com\/wp-content\/uploads\/2022\/01\/WhatsApp-Image-2021-11-09-at-16.23.07.jpeg 1079w, https:\/\/druidauniverse.com\/wp-content\/uploads\/2022\/01\/WhatsApp-Image-2021-11-09-at-16.23.07-169x300.jpeg 169w, https:\/\/druidauniverse.com\/wp-content\/uploads\/2022\/01\/WhatsApp-Image-2021-11-09-at-16.23.07-575x1024.jpeg 575w, https:\/\/druidauniverse.com\/wp-content\/uploads\/2022\/01\/WhatsApp-Image-2021-11-09-at-16.23.07-768x1367.jpeg 768w, https:\/\/druidauniverse.com\/wp-content\/uploads\/2022\/01\/WhatsApp-Image-2021-11-09-at-16.23.07-863x1536.jpeg 863w, https:\/\/druidauniverse.com\/wp-content\/uploads\/2022\/01\/WhatsApp-Image-2021-11-09-at-16.23.07-600x1068.jpeg 600w\" sizes=\"(max-width: 1079px) 100vw, 1079px\" \/>\n\t\t\t<\/div><\/figure><figure class='gallery-item'>\n\t\t\t<div class='gallery-icon landscape'>\n\t\t\t\t<img loading=\"lazy\" decoding=\"async\" width=\"1080\" height=\"1080\" src=\"https:\/\/druidauniverse.com\/wp-content\/uploads\/2022\/01\/1636473844229.jpg\" class=\"attachment-full size-full\" alt=\"\" srcset=\"https:\/\/druidauniverse.com\/wp-content\/uploads\/2022\/01\/1636473844229.jpg 1080w, https:\/\/druidauniverse.com\/wp-content\/uploads\/2022\/01\/1636473844229-300x300.jpg 300w, https:\/\/druidauniverse.com\/wp-content\/uploads\/2022\/01\/1636473844229-1024x1024.jpg 1024w, https:\/\/druidauniverse.com\/wp-content\/uploads\/2022\/01\/1636473844229-150x150.jpg 150w, https:\/\/druidauniverse.com\/wp-content\/uploads\/2022\/01\/1636473844229-768x768.jpg 768w, https:\/\/druidauniverse.com\/wp-content\/uploads\/2022\/01\/1636473844229-600x600.jpg 600w, https:\/\/druidauniverse.com\/wp-content\/uploads\/2022\/01\/1636473844229-100x100.jpg 100w\" sizes=\"(max-width: 1080px) 100vw, 1080px\" \/>\n\t\t\t<\/div><\/figure><figure class='gallery-item'>\n\t\t\t<div class='gallery-icon portrait'>\n\t\t\t\t<img loading=\"lazy\" decoding=\"async\" width=\"719\" height=\"958\" src=\"https:\/\/druidauniverse.com\/wp-content\/uploads\/2022\/01\/faORTHESACKE.jpg\" class=\"attachment-full size-full\" alt=\"\" srcset=\"https:\/\/druidauniverse.com\/wp-content\/uploads\/2022\/01\/faORTHESACKE.jpg 719w, https:\/\/druidauniverse.com\/wp-content\/uploads\/2022\/01\/faORTHESACKE-225x300.jpg 225w, https:\/\/druidauniverse.com\/wp-content\/uploads\/2022\/01\/faORTHESACKE-600x799.jpg 600w\" sizes=\"(max-width: 719px) 100vw, 719px\" \/>\n\t\t\t<\/div><\/figure><figure class='gallery-item'>\n\t\t\t<div class='gallery-icon portrait'>\n\t\t\t\t<img loading=\"lazy\" decoding=\"async\" width=\"1080\" height=\"1350\" src=\"https:\/\/druidauniverse.com\/wp-content\/uploads\/2022\/01\/1634144246208.jpg\" class=\"attachment-full size-full\" alt=\"\" srcset=\"https:\/\/druidauniverse.com\/wp-content\/uploads\/2022\/01\/1634144246208.jpg 1080w, https:\/\/druidauniverse.com\/wp-content\/uploads\/2022\/01\/1634144246208-240x300.jpg 240w, https:\/\/druidauniverse.com\/wp-content\/uploads\/2022\/01\/1634144246208-819x1024.jpg 819w, https:\/\/druidauniverse.com\/wp-content\/uploads\/2022\/01\/1634144246208-768x960.jpg 768w, https:\/\/druidauniverse.com\/wp-content\/uploads\/2022\/01\/1634144246208-600x750.jpg 600w\" sizes=\"(max-width: 1080px) 100vw, 1080px\" \/>\n\t\t\t<\/div><\/figure><figure class='gallery-item'>\n\t\t\t<div class='gallery-icon portrait'>\n\t\t\t\t<img loading=\"lazy\" decoding=\"async\" width=\"645\" height=\"848\" src=\"https:\/\/druidauniverse.com\/wp-content\/uploads\/2022\/01\/treee.jpg\" class=\"attachment-full size-full\" alt=\"\" srcset=\"https:\/\/druidauniverse.com\/wp-content\/uploads\/2022\/01\/treee.jpg 645w, https:\/\/druidauniverse.com\/wp-content\/uploads\/2022\/01\/treee-228x300.jpg 228w, https:\/\/druidauniverse.com\/wp-content\/uploads\/2022\/01\/treee-600x789.jpg 600w\" sizes=\"(max-width: 645px) 100vw, 645px\" \/>\n\t\t\t<\/div><\/figure>\n\t\t<\/div>\n\t\t<\/div>\n\t\t\t\t\t\t<\/div>\n\t\t\t\t<\/div>\n\t\t\t\t\t<\/div>\n\t\t<\/div>\n\t\t\t\t\t<\/div>\n\t\t<\/section>\n\t\t\t\t<section class=\"elementor-section elementor-top-section elementor-element elementor-element-db79cd6 elementor-section-boxed elementor-section-height-default elementor-section-height-default\" data-id=\"db79cd6\" data-element_type=\"section\">\n\t\t\t\t\t\t<div class=\"elementor-container elementor-column-gap-default\">\n\t\t\t\t\t<div class=\"elementor-column elementor-col-50 elementor-top-column elementor-element elementor-element-bf04eb9\" data-id=\"bf04eb9\" data-element_type=\"column\">\n\t\t\t<div class=\"elementor-widget-wrap elementor-element-populated\">\n\t\t\t\t\t\t<div class=\"elementor-element elementor-element-ab5f295 elementor-view-default elementor-widget elementor-widget-icon\" data-id=\"ab5f295\" data-element_type=\"widget\" data-widget_type=\"icon.default\">\n\t\t\t\t<div class=\"elementor-widget-container\">\n\t\t\t\t\t\t\t<div class=\"elementor-icon-wrapper\">\n\t\t\t<a class=\"elementor-icon\" href=\"https:\/\/druidauniverse.com\/pt\/dream-catchers-portfolio\/\">\n\t\t\t<i aria-hidden=\"true\" class=\"icon icon-left-arrows\"><\/i>\t\t\t<\/a>\n\t\t<\/div>\n\t\t\t\t\t\t<\/div>\n\t\t\t\t<\/div>\n\t\t\t\t\t<\/div>\n\t\t<\/div>\n\t\t\t\t<div class=\"elementor-column elementor-col-50 elementor-top-column elementor-element elementor-element-c6e9275\" data-id=\"c6e9275\" data-element_type=\"column\">\n\t\t\t<div class=\"elementor-widget-wrap elementor-element-populated\">\n\t\t\t\t\t\t<div class=\"elementor-element elementor-element-e0eaa65 elementor-view-default elementor-widget elementor-widget-icon\" data-id=\"e0eaa65\" data-element_type=\"widget\" data-widget_type=\"icon.default\">\n\t\t\t\t<div class=\"elementor-widget-container\">\n\t\t\t\t\t\t\t<div class=\"elementor-icon-wrapper\">\n\t\t\t<a class=\"elementor-icon\" href=\"https:\/\/druidauniverse.com\/pt\/druidawax-portfolio\/\">\n\t\t\t<i aria-hidden=\"true\" class=\"icon icon-right-arrow1\"><\/i>\t\t\t<\/a>\n\t\t<\/div>\n\t\t\t\t\t\t<\/div>\n\t\t\t\t<\/div>\n\t\t\t\t\t<\/div>\n\t\t<\/div>\n\t\t\t\t\t<\/div>\n\t\t<\/section>\n\t\t\t\t<\/div>","protected":false},"excerpt":{"rendered":"<p>Thrift wear .The future is Thrift. Giving clothes a second life is much more than re-using and re-purposing. Second-hand is a statement of a sustainability chain. It\u2019s attributing value to well conserved materials put together by wonderful humans that sometimes don\u2019t receive enough in return. It\u2019s admiring their art and functionality to share within a [&hellip;]<\/p>","protected":false},"author":1,"featured_media":0,"parent":0,"menu_order":0,"comment_status":"closed","ping_status":"closed","template":"","meta":{"site-sidebar-layout":"no-sidebar","site-content-layout":"page-builder","ast-site-content-layout":"default","site-content-style":"default","site-sidebar-style":"default","ast-global-header-display":"","ast-banner-title-visibility":"","ast-main-header-display":"","ast-hfb-above-header-display":"","ast-hfb-below-header-display":"","ast-hfb-mobile-header-display":"","site-post-title":"disabled","ast-breadcrumbs-content":"","ast-featured-img":"disabled","footer-sml-layout":"","ast-disable-related-posts":"","theme-transparent-header-meta":"","adv-header-id-meta":"","stick-header-meta":"","header-above-stick-meta":"","header-main-stick-meta":"","header-below-stick-meta":"","astra-migrate-meta-layouts":"default","ast-page-background-enabled":"default","ast-page-background-meta":{"desktop":{"background-color":"","background-image":"","background-repeat":"repeat","background-position":"center center","background-size":"auto","background-attachment":"scroll","background-type":"","background-media":"","overlay-type":"","overlay-color":"","overlay-opacity":"","overlay-gradient":""},"tablet":{"background-color":"","background-image":"","background-repeat":"repeat","background-position":"center center","background-size":"auto","background-attachment":"scroll","background-type":"","background-media":"","overlay-type":"","overlay-color":"","overlay-opacity":"","overlay-gradient":""},"mobile":{"background-color":"","background-image":"","background-repeat":"repeat","background-position":"center center","background-size":"auto","background-attachment":"scroll","background-type":"","background-media":"","overlay-type":"","overlay-color":"","overlay-opacity":"","overlay-gradient":""}},"ast-content-background-meta":{"desktop":{"background-color":"var(--ast-global-color-5)","background-image":"","background-repeat":"repeat","background-position":"center center","background-size":"auto","background-attachment":"scroll","background-type":"","background-media":"","overlay-type":"","overlay-color":"","overlay-opacity":"","overlay-gradient":""},"tablet":{"background-color":"var(--ast-global-color-5)","background-image":"","background-repeat":"repeat","background-position":"center center","background-size":"auto","background-attachment":"scroll","background-type":"","background-media":"","overlay-type":"","overlay-color":"","overlay-opacity":"","overlay-gradient":""},"mobile":{"background-color":"var(--ast-global-color-5)","background-image":"","background-repeat":"repeat","background-position":"center center","background-size":"auto","background-attachment":"scroll","background-type":"","background-media":"","overlay-type":"","overlay-color":"","overlay-opacity":"","overlay-gradient":""}},"footnotes":""},"class_list":["post-3603","page","type-page","status-publish","hentry"],"_links":{"self":[{"href":"https:\/\/druidauniverse.com\/pt\/wp-json\/wp\/v2\/pages\/3603","targetHints":{"allow":["GET"]}}],"collection":[{"href":"https:\/\/druidauniverse.com\/pt\/wp-json\/wp\/v2\/pages"}],"about":[{"href":"https:\/\/druidauniverse.com\/pt\/wp-json\/wp\/v2\/types\/page"}],"author":[{"embeddable":true,"href":"https:\/\/druidauniverse.com\/pt\/wp-json\/wp\/v2\/users\/1"}],"replies":[{"embeddable":true,"href":"https:\/\/druidauniverse.com\/pt\/wp-json\/wp\/v2\/comments?post=3603"}],"version-history":[{"count":56,"href":"https:\/\/druidauniverse.com\/pt\/wp-json\/wp\/v2\/pages\/3603\/revisions"}],"predecessor-version":[{"id":6566,"href":"https:\/\/druidauniverse.com\/pt\/wp-json\/wp\/v2\/pages\/3603\/revisions\/6566"}],"wp:attachment":[{"href":"https:\/\/druidauniverse.com\/pt\/wp-json\/wp\/v2\/media?parent=3603"}],"curies":[{"name":"wp","href":"https:\/\/api.w.org\/{rel}","templated":true}]}}