{"id":4124,"date":"2021-12-11T10:04:32","date_gmt":"2021-12-11T10:04:32","guid":{"rendered":"https:\/\/druidauniverse.com\/?page_id=4124"},"modified":"2023-06-05T20:04:04","modified_gmt":"2023-06-05T20:04:04","slug":"naturalsoaps-shop","status":"publish","type":"page","link":"https:\/\/druidauniverse.com\/pt\/naturalsoaps-shop\/","title":{"rendered":"Naturalsoaps-shop"},"content":{"rendered":"<div data-elementor-type=\"wp-page\" data-elementor-id=\"4124\" class=\"elementor elementor-4124\">\n\t\t\t\t\t\t<section class=\"elementor-section elementor-top-section elementor-element elementor-element-32d0e96 elementor-section-height-min-height elementor-section-full_width elementor-section-items-stretch elementor-section-height-default\" data-id=\"32d0e96\" data-element_type=\"section\" data-settings=\"{&quot;background_background&quot;:&quot;classic&quot;}\">\n\t\t\t\t\t\t\t<div class=\"elementor-background-overlay\"><\/div>\n\t\t\t\t\t\t\t<div class=\"elementor-container elementor-column-gap-no\">\n\t\t\t\t\t<div class=\"elementor-column elementor-col-100 elementor-top-column elementor-element elementor-element-6481f55\" data-id=\"6481f55\" data-element_type=\"column\">\n\t\t\t<div class=\"elementor-widget-wrap elementor-element-populated\">\n\t\t\t\t\t\t<div class=\"elementor-element elementor-element-fb3f2bd elementor-widget elementor-widget-elementskit-heading\" data-id=\"fb3f2bd\" data-element_type=\"widget\" data-widget_type=\"elementskit-heading.default\">\n\t\t\t\t<div class=\"elementor-widget-container\">\n\t\t\t\t\t<div class=\"ekit-wid-con\" ><div class=\"ekit-heading elementskit-section-title-wraper text_center   ekit_heading_tablet-   ekit_heading_mobile-\"><h2 class=\"ekit-heading--title elementskit-section-title\">Os nossos produtos<\/h2>\t\t\t\t<div class='ekit-heading__description'>\n\t\t\t\t\t<p>Harmonioso \u2022 Natural \u2022 Sustent\u00e1vel<\/p>\n\t\t\t\t<\/div>\n\t\t\t<\/div><\/div>\t\t\t\t<\/div>\n\t\t\t\t<\/div>\n\t\t\t\t\t<\/div>\n\t\t<\/div>\n\t\t\t\t\t<\/div>\n\t\t<\/section>\n\t\t\t\t<section class=\"elementor-section elementor-top-section elementor-element elementor-element-d8909a9 elementor-section-boxed elementor-section-height-default elementor-section-height-default\" data-id=\"d8909a9\" data-element_type=\"section\">\n\t\t\t\t\t\t<div class=\"elementor-container elementor-column-gap-default\">\n\t\t\t\t\t<div class=\"elementor-column elementor-col-100 elementor-top-column elementor-element elementor-element-9327829\" data-id=\"9327829\" data-element_type=\"column\">\n\t\t\t<div class=\"elementor-widget-wrap elementor-element-populated\">\n\t\t\t\t\t\t<div class=\"elementor-element elementor-element-fcf1c60 elementor-widget elementor-widget-heading\" data-id=\"fcf1c60\" data-element_type=\"widget\" data-widget_type=\"heading.default\">\n\t\t\t\t<div class=\"elementor-widget-container\">\n\t\t\t\t\t<h2 class=\"elementor-heading-title elementor-size-default\">Natural soaps<\/h2>\t\t\t\t<\/div>\n\t\t\t\t<\/div>\n\t\t\t\t<div class=\"elementor-element elementor-element-0841866 elementor-widget elementor-widget-woolentor-universal-product\" data-id=\"0841866\" data-element_type=\"widget\" data-widget_type=\"woolentor-universal-product.default\">\n\t\t\t\t<div class=\"elementor-widget-container\">\n\t\t\t\t\t            \n                                                <div class=\"ht-products woocommerce ht-row\" dir=\"ltr\" data-settings=''  >\n\n                        \n                            <!--Product Start-->\n                            <div class=\"ht-product ht-col-lg-4 ht-col-md-6 ht-col-sm-6 ht-col-xs-12 mb-30 product ht-product-action-bottom ht-product-action-on-hover ht-product-countdown-fill\">\n                                <div class=\"ht-product-inner\">\n\n                                    <div class=\"ht-product-image-wrap\">\n                                                                                <div class=\"ht-product-image\">\n                                                                                            <a href=\"https:\/\/druidauniverse.com\/pt\/produto\/orange-turmeric-soap\/\"> \n                                                    <img fetchpriority=\"high\" decoding=\"async\" width=\"300\" height=\"300\" src=\"https:\/\/druidauniverse.com\/wp-content\/uploads\/2023\/06\/WhatsApp-Image-2023-06-05-at-19.41.40-300x300.jpeg\" class=\"attachment-woocommerce_thumbnail size-woocommerce_thumbnail\" alt=\"Orange &amp; Turmeric Soap\" srcset=\"https:\/\/druidauniverse.com\/wp-content\/uploads\/2023\/06\/WhatsApp-Image-2023-06-05-at-19.41.40-300x300.jpeg 300w, https:\/\/druidauniverse.com\/wp-content\/uploads\/2023\/06\/WhatsApp-Image-2023-06-05-at-19.41.40-150x150.jpeg 150w, https:\/\/druidauniverse.com\/wp-content\/uploads\/2023\/06\/WhatsApp-Image-2023-06-05-at-19.41.40-11x12.jpeg 11w, https:\/\/druidauniverse.com\/wp-content\/uploads\/2023\/06\/WhatsApp-Image-2023-06-05-at-19.41.40-100x100.jpeg 100w\" sizes=\"(max-width: 300px) 100vw, 300px\" \/> \n                                                <\/a>\n                                            \n                                        <\/div>\n\n                                        \n                                                                                    <div class=\"ht-product-action\">\n                                                <ul class=\"woolentor-action-btn-area\">\n                                                                                                            <li>\n                                                            <a href=\"#\" class=\"woolentorquickview\" data-product_id=\"6624\" aria-label=\"Orange &amp; Turmeric Soap\">\n                                                                <i class=\"sli sli-magnifier\"><\/i>\n                                                                <span class=\"ht-product-action-tooltip\">Quick View<\/span>\n                                                            <\/a>\n                                                        <\/li>\n                                                                                                                                                                                                                <li class=\"woolentor-cart\"><a href=\"\/pt\/wp-json\/wp\/v2\/pages\/4124?add-to-cart=6624\" aria-describedby=\"woocommerce_loop_add_to_cart_link_describedby_6624\" data-quantity=\"1\" class=\"button product_type_simple add_to_cart_button ajax_add_to_cart\" data-product_id=\"6624\" data-product_sku=\"OS00001\" aria-label=\"Adiciona ao carrinho: \u201cOrange &amp; Turmeric Soap\u201d\" rel=\"nofollow\" data-success_message=\"\u201cOrange &amp; Turmeric Soap\u201d foi adicionado ao seu carrinho\" role=\"button\" data-no-translation-aria-label=\"\" data-no-translation-data-success_message=\"\">Add to Cart<\/a>\t<span id=\"woocommerce_loop_add_to_cart_link_describedby_6624\" class=\"screen-reader-text\">\n\t\t\t<\/span>\n<\/li>\n                                                <\/ul>\n                                            <\/div>\n                                        \n                                    <\/div>\n\n                                    <div class=\"ht-product-content\">\n                                        <div class=\"ht-product-content-inner\">\n                                            <div class=\"ht-product-categories\"><a href=\"https:\/\/druidauniverse.com\/pt\/categoria-produto\/organic-soaps\/\">Organic Soaps<\/a><\/div>\n                                                                                        <h4 class='ht-product-title'><a href='https:\/\/druidauniverse.com\/pt\/produto\/orange-turmeric-soap\/'>Orange &#038; Turmeric Soap<\/a><\/h4>                                                                                                                                    <div class=\"ht-product-price\">\n\t<span class=\"price\"><span class=\"woocommerce-Price-amount amount\"><bdi><span class=\"woocommerce-Price-currencySymbol\">&euro;<\/span>6,00<\/bdi><\/span><\/span>\n<\/div>\n                                                                                        <div class=\"ht-product-ratting-wrap\"><\/div>\n\n                                                                                    <\/div>\n                                                                            <\/div>\n\n                                <\/div>\n                            <\/div>\n                            <!--Product End-->\n\n                        \n                            <!--Product Start-->\n                            <div class=\"ht-product ht-col-lg-4 ht-col-md-6 ht-col-sm-6 ht-col-xs-12 mb-30 product ht-product-action-bottom ht-product-action-on-hover ht-product-countdown-fill\">\n                                <div class=\"ht-product-inner\">\n\n                                    <div class=\"ht-product-image-wrap\">\n                                                                                <div class=\"ht-product-image\">\n                                                                                            <a href=\"https:\/\/druidauniverse.com\/pt\/produto\/cocoaoatssoap\/\"> \n                                                    <img decoding=\"async\" width=\"300\" height=\"300\" src=\"https:\/\/druidauniverse.com\/wp-content\/uploads\/2023\/06\/WhatsApp-Image-2023-06-05-at-20.17.051-300x300.jpeg\" class=\"attachment-woocommerce_thumbnail size-woocommerce_thumbnail\" alt=\"Cocoa &amp; Oats Soap\" srcset=\"https:\/\/druidauniverse.com\/wp-content\/uploads\/2023\/06\/WhatsApp-Image-2023-06-05-at-20.17.051-300x300.jpeg 300w, https:\/\/druidauniverse.com\/wp-content\/uploads\/2023\/06\/WhatsApp-Image-2023-06-05-at-20.17.051-150x150.jpeg 150w, https:\/\/druidauniverse.com\/wp-content\/uploads\/2023\/06\/WhatsApp-Image-2023-06-05-at-20.17.051-100x100.jpeg 100w\" sizes=\"(max-width: 300px) 100vw, 300px\" \/> \n                                                <\/a>\n                                            \n                                        <\/div>\n\n                                        \n                                                                                    <div class=\"ht-product-action\">\n                                                <ul class=\"woolentor-action-btn-area\">\n                                                                                                            <li>\n                                                            <a href=\"#\" class=\"woolentorquickview\" data-product_id=\"6651\" aria-label=\"Cocoa &amp; Oats Soap\">\n                                                                <i class=\"sli sli-magnifier\"><\/i>\n                                                                <span class=\"ht-product-action-tooltip\">Quick View<\/span>\n                                                            <\/a>\n                                                        <\/li>\n                                                                                                                                                                                                                <li class=\"woolentor-cart\"><a href=\"\/pt\/wp-json\/wp\/v2\/pages\/4124?add-to-cart=6651\" aria-describedby=\"woocommerce_loop_add_to_cart_link_describedby_6651\" data-quantity=\"1\" class=\"button product_type_simple add_to_cart_button ajax_add_to_cart\" data-product_id=\"6651\" data-product_sku=\"OS00001-1\" aria-label=\"Adiciona ao carrinho: \u201cCocoa &amp; Oats Soap\u201d\" rel=\"nofollow\" data-success_message=\"\u201cCocoa &amp; Oats Soap\u201d foi adicionado ao seu carrinho\" role=\"button\" data-no-translation-aria-label=\"\" data-no-translation-data-success_message=\"\">Add to Cart<\/a>\t<span id=\"woocommerce_loop_add_to_cart_link_describedby_6651\" class=\"screen-reader-text\">\n\t\t\t<\/span>\n<\/li>\n                                                <\/ul>\n                                            <\/div>\n                                        \n                                    <\/div>\n\n                                    <div class=\"ht-product-content\">\n                                        <div class=\"ht-product-content-inner\">\n                                            <div class=\"ht-product-categories\"><a href=\"https:\/\/druidauniverse.com\/pt\/categoria-produto\/organic-soaps\/\">Organic Soaps<\/a><\/div>\n                                                                                        <h4 class='ht-product-title'><a href='https:\/\/druidauniverse.com\/pt\/produto\/cocoaoatssoap\/'>Cocoa &#038; Oats Soap<\/a><\/h4>                                                                                                                                    <div class=\"ht-product-price\">\n\t<span class=\"price\"><span class=\"woocommerce-Price-amount amount\"><bdi><span class=\"woocommerce-Price-currencySymbol\">&euro;<\/span>6,00<\/bdi><\/span><\/span>\n<\/div>\n                                                                                        <div class=\"ht-product-ratting-wrap\"><\/div>\n\n                                                                                    <\/div>\n                                                                            <\/div>\n\n                                <\/div>\n                            <\/div>\n                            <!--Product End-->\n\n                                            <\/div>\n                            \n            \n        \t\t\t\t<\/div>\n\t\t\t\t<\/div>\n\t\t\t\t\t<\/div>\n\t\t<\/div>\n\t\t\t\t\t<\/div>\n\t\t<\/section>\n\t\t\t\t<section class=\"elementor-section elementor-top-section elementor-element elementor-element-842aae9 elementor-section-boxed elementor-section-height-default elementor-section-height-default\" data-id=\"842aae9\" data-element_type=\"section\" data-settings=\"{&quot;background_background&quot;:&quot;classic&quot;}\">\n\t\t\t\t\t\t<div class=\"elementor-container elementor-column-gap-default\">\n\t\t\t\t\t<div class=\"elementor-column elementor-col-100 elementor-top-column elementor-element elementor-element-33b2ac9\" data-id=\"33b2ac9\" data-element_type=\"column\">\n\t\t\t<div class=\"elementor-widget-wrap elementor-element-populated\">\n\t\t\t\t\t\t<section class=\"elementor-section elementor-inner-section elementor-element elementor-element-0984036 elementor-section-boxed elementor-section-height-default elementor-section-height-default\" data-id=\"0984036\" data-element_type=\"section\" data-settings=\"{&quot;background_background&quot;:&quot;slideshow&quot;,&quot;background_slideshow_gallery&quot;:[{&quot;id&quot;:5706,&quot;url&quot;:&quot;https:\\\/\\\/druidauniverse.com\\\/wp-content\\\/uploads\\\/2022\\\/01\\\/1.png&quot;},{&quot;id&quot;:5707,&quot;url&quot;:&quot;https:\\\/\\\/druidauniverse.com\\\/wp-content\\\/uploads\\\/2022\\\/01\\\/2.png&quot;},{&quot;id&quot;:5708,&quot;url&quot;:&quot;https:\\\/\\\/druidauniverse.com\\\/wp-content\\\/uploads\\\/2022\\\/01\\\/Landscape3.png&quot;}],&quot;background_slideshow_loop&quot;:&quot;yes&quot;,&quot;background_slideshow_slide_duration&quot;:5000,&quot;background_slideshow_slide_transition&quot;:&quot;fade&quot;,&quot;background_slideshow_transition_duration&quot;:500}\">\n\t\t\t\t\t\t\t<div class=\"elementor-background-overlay\"><\/div>\n\t\t\t\t\t\t\t<div class=\"elementor-container elementor-column-gap-default\">\n\t\t\t\t\t<div class=\"elementor-column elementor-col-100 elementor-inner-column elementor-element elementor-element-84ffb25\" data-id=\"84ffb25\" data-element_type=\"column\" data-settings=\"{&quot;background_background&quot;:&quot;classic&quot;}\">\n\t\t\t<div class=\"elementor-widget-wrap elementor-element-populated\">\n\t\t\t\t\t\t<div class=\"elementor-element elementor-element-d508f6b elementor-widget elementor-widget-elementskit-heading\" data-id=\"d508f6b\" data-element_type=\"widget\" data-widget_type=\"elementskit-heading.default\">\n\t\t\t\t<div class=\"elementor-widget-container\">\n\t\t\t\t\t<div class=\"ekit-wid-con\" ><div class=\"ekit-heading elementskit-section-title-wraper text_center   ekit_heading_tablet-   ekit_heading_mobile-\"><h2 class=\"ekit-heading--title elementskit-section-title translation-block\">Encomende algo desenhado especialmente para si!<\/h2>\t\t\t\t<div class='ekit-heading__description'>\n\t\t\t\t\t<p>\u2022Queres que criemos algo para ti? \u2022 Existe algo que desejas criar connosco? \u2022 H\u00e1 uma pe\u00e7a que amas, mas n\u00e3o est\u00e1 dispon\u00edvel? \u2022 Tens joias quebradas que precisam de ser consertadas? Fala conosco! Talvez possamos ajudar.<\/p>\n<p>Precisamos que fa\u00e7as aflorar o melhor de n\u00f3s!<\/p>\n\t\t\t\t<\/div>\n\t\t\t<\/div><\/div>\t\t\t\t<\/div>\n\t\t\t\t<\/div>\n\t\t\t\t<div class=\"elementor-element elementor-element-803ef14 elementor-align--mobilecenter elementor-align-center elementor-widget elementor-widget-elementskit-button\" data-id=\"803ef14\" data-element_type=\"widget\" data-widget_type=\"elementskit-button.default\">\n\t\t\t\t<div class=\"elementor-widget-container\">\n\t\t\t\t\t<div class=\"ekit-wid-con\" >\t\t<div class=\"ekit-btn-wraper\">\n\t\t\t\t\t\t\t<a href=\"https:\/\/druidauniverse.com\/pt\/contact-us\/\" class=\"elementskit-btn  whitespace--normal\" id=\"\">\n\t\t\t\t\tEncomenda personalizada\t\t\t\t<\/a>\n\t\t\t\t\t<\/div>\n        <\/div>\t\t\t\t<\/div>\n\t\t\t\t<\/div>\n\t\t\t\t\t<\/div>\n\t\t<\/div>\n\t\t\t\t\t<\/div>\n\t\t<\/section>\n\t\t\t\t\t<\/div>\n\t\t<\/div>\n\t\t\t\t\t<\/div>\n\t\t<\/section>\n\t\t\t\t<\/div>","protected":false},"excerpt":{"rendered":"<p>Our products Harmonious \u2022 Natural \u2022 Sustainable Natural soaps Quick View Add to cart Organic Soaps Orange &#038; Turmeric Soap &euro;6,00 Order one specially designed for you! \u2022Do you want us to create something for you? \u2022 Is there something you want to create with us? \u2022 There&#8217;s a piece that you love but is [&hellip;]<\/p>","protected":false},"author":1,"featured_media":0,"parent":0,"menu_order":0,"comment_status":"closed","ping_status":"closed","template":"","meta":{"site-sidebar-layout":"no-sidebar","site-content-layout":"page-builder","ast-site-content-layout":"default","site-content-style":"default","site-sidebar-style":"default","ast-global-header-display":"","ast-banner-title-visibility":"","ast-main-header-display":"","ast-hfb-above-header-display":"","ast-hfb-below-header-display":"","ast-hfb-mobile-header-display":"","site-post-title":"disabled","ast-breadcrumbs-content":"","ast-featured-img":"disabled","footer-sml-layout":"","ast-disable-related-posts":"","theme-transparent-header-meta":"","adv-header-id-meta":"","stick-header-meta":"","header-above-stick-meta":"","header-main-stick-meta":"","header-below-stick-meta":"","astra-migrate-meta-layouts":"default","ast-page-background-enabled":"default","ast-page-background-meta":{"desktop":{"background-color":"","background-image":"","background-repeat":"repeat","background-position":"center center","background-size":"auto","background-attachment":"scroll","background-type":"","background-media":"","overlay-type":"","overlay-color":"","overlay-opacity":"","overlay-gradient":""},"tablet":{"background-color":"","background-image":"","background-repeat":"repeat","background-position":"center center","background-size":"auto","background-attachment":"scroll","background-type":"","background-media":"","overlay-type":"","overlay-color":"","overlay-opacity":"","overlay-gradient":""},"mobile":{"background-color":"","background-image":"","background-repeat":"repeat","background-position":"center center","background-size":"auto","background-attachment":"scroll","background-type":"","background-media":"","overlay-type":"","overlay-color":"","overlay-opacity":"","overlay-gradient":""}},"ast-content-background-meta":{"desktop":{"background-color":"var(--ast-global-color-5)","background-image":"","background-repeat":"repeat","background-position":"center center","background-size":"auto","background-attachment":"scroll","background-type":"","background-media":"","overlay-type":"","overlay-color":"","overlay-opacity":"","overlay-gradient":""},"tablet":{"background-color":"var(--ast-global-color-5)","background-image":"","background-repeat":"repeat","background-position":"center center","background-size":"auto","background-attachment":"scroll","background-type":"","background-media":"","overlay-type":"","overlay-color":"","overlay-opacity":"","overlay-gradient":""},"mobile":{"background-color":"var(--ast-global-color-5)","background-image":"","background-repeat":"repeat","background-position":"center center","background-size":"auto","background-attachment":"scroll","background-type":"","background-media":"","overlay-type":"","overlay-color":"","overlay-opacity":"","overlay-gradient":""}},"footnotes":""},"class_list":["post-4124","page","type-page","status-publish","hentry","desktop-align-left","tablet-align-left","mobile-align-left"],"_links":{"self":[{"href":"https:\/\/druidauniverse.com\/pt\/wp-json\/wp\/v2\/pages\/4124","targetHints":{"allow":["GET"]}}],"collection":[{"href":"https:\/\/druidauniverse.com\/pt\/wp-json\/wp\/v2\/pages"}],"about":[{"href":"https:\/\/druidauniverse.com\/pt\/wp-json\/wp\/v2\/types\/page"}],"author":[{"embeddable":true,"href":"https:\/\/druidauniverse.com\/pt\/wp-json\/wp\/v2\/users\/1"}],"replies":[{"embeddable":true,"href":"https:\/\/druidauniverse.com\/pt\/wp-json\/wp\/v2\/comments?post=4124"}],"version-history":[{"count":23,"href":"https:\/\/druidauniverse.com\/pt\/wp-json\/wp\/v2\/pages\/4124\/revisions"}],"predecessor-version":[{"id":6648,"href":"https:\/\/druidauniverse.com\/pt\/wp-json\/wp\/v2\/pages\/4124\/revisions\/6648"}],"wp:attachment":[{"href":"https:\/\/druidauniverse.com\/pt\/wp-json\/wp\/v2\/media?parent=4124"}],"curies":[{"name":"wp","href":"https:\/\/api.w.org\/{rel}","templated":true}]}}