{"id":4318,"date":"2021-12-18T10:37:57","date_gmt":"2021-12-18T10:37:57","guid":{"rendered":"https:\/\/druidauniverse.com\/?page_id=4318"},"modified":"2022-01-30T21:53:12","modified_gmt":"2022-01-30T21:53:12","slug":"disclaimer","status":"publish","type":"page","link":"https:\/\/druidauniverse.com\/pt\/disclaimer\/","title":{"rendered":"Aviso legal"},"content":{"rendered":"<div data-elementor-type=\"wp-page\" data-elementor-id=\"4318\" class=\"elementor elementor-4318\">\n\t\t\t\t\t\t<section class=\"elementor-section elementor-top-section elementor-element elementor-element-b431789 elementor-section-height-min-height elementor-section-full_width elementor-section-height-default elementor-section-items-middle\" data-id=\"b431789\" data-element_type=\"section\" data-settings=\"{&quot;background_background&quot;:&quot;classic&quot;}\">\n\t\t\t\t\t\t\t<div class=\"elementor-background-overlay\"><\/div>\n\t\t\t\t\t\t\t<div class=\"elementor-container elementor-column-gap-default\">\n\t\t\t\t\t<div class=\"elementor-column elementor-col-100 elementor-top-column elementor-element elementor-element-2340fe7\" data-id=\"2340fe7\" data-element_type=\"column\">\n\t\t\t<div class=\"elementor-widget-wrap elementor-element-populated\">\n\t\t\t\t\t\t<div class=\"elementor-element elementor-element-271b273 elementor-widget elementor-widget-elementskit-heading\" data-id=\"271b273\" data-element_type=\"widget\" data-widget_type=\"elementskit-heading.default\">\n\t\t\t\t<div class=\"elementor-widget-container\">\n\t\t\t\t\t<div class=\"ekit-wid-con\" ><div class=\"ekit-heading elementskit-section-title-wraper text_center   ekit_heading_tablet-   ekit_heading_mobile-\"><h2 class=\"ekit-heading--title elementskit-section-title\">Aviso legal<\/h2>\t\t\t\t<div class='ekit-heading__description'>\n\t\t\t\t\t<p>Informa\u00e7\u00f5es gerais<\/p>\n\t\t\t\t<\/div>\n\t\t\t<\/div><\/div>\t\t\t\t<\/div>\n\t\t\t\t<\/div>\n\t\t\t\t\t<\/div>\n\t\t<\/div>\n\t\t\t\t\t<\/div>\n\t\t<\/section>\n\t\t\t\t<section class=\"elementor-section elementor-top-section elementor-element elementor-element-917663e elementor-section-boxed elementor-section-height-default elementor-section-height-default\" data-id=\"917663e\" data-element_type=\"section\">\n\t\t\t\t\t\t<div class=\"elementor-container elementor-column-gap-default\">\n\t\t\t\t\t<div class=\"elementor-column elementor-col-100 elementor-top-column elementor-element elementor-element-ac93e25\" data-id=\"ac93e25\" data-element_type=\"column\">\n\t\t\t<div class=\"elementor-widget-wrap elementor-element-populated\">\n\t\t\t\t\t\t<div class=\"elementor-element elementor-element-cd3f47b elementor-widget elementor-widget-text-editor\" data-id=\"cd3f47b\" data-element_type=\"widget\" data-widget_type=\"text-editor.default\">\n\t\t\t\t<div class=\"elementor-widget-container\">\n\t\t\t\t\t\t\t\t\t<p>~ Os produtos que criamos s\u00e3o \u00fanicos, feitos principalmente com materiais naturais dos lugares por onde passamos e das pessoas que conhecemos. Existem algumas j\u00f3ias que podem ser multiplicadas mas tendo em conta que cada pe\u00e7a \u00e9 feita \u00e0 m\u00e3o, cada uma com caracter\u00edsticas exclusivas e algumas diferen\u00e7as. ~<\/p><p><strong>Trocas e Devolu\u00e7\u00f5es<\/strong><\/p><p class=\"translation-block\">De acordo com a legisla\u00e7\u00e3o em Portugal, pode efetuar uma troca no prazo m\u00e1ximo de 14 dias, exceto produtos feitos para encomenda espec\u00edfica ou claramente personalizados. A troca s\u00f3 ser\u00e1 realizada ap\u00f3s uma an\u00e1lise completa do produto em que se conclua que o mesmo n\u00e3o possui vest\u00edgios de uso. A troca \u00e9 feita por outro produto de valor igual ou superior, e em caso de nova remessa, ser\u00e3o acrescidos os custos de envio. Para fazer uma troca, <a href=\"http:\/\/127.0.0.1\/wordpress\/contact-us\/\" target=\"_self\">entre em contato<\/a>.<\/p><p class=\"translation-block\">N\u00c3O aceitamos devolu\u00e7\u00f5es, apenas se um produto que criamos apresentar um mau funcionamento funcional ou estrutural. Nesse caso ter\u00e1 de: 1. Enviar-nos uma fotografia por e-mail da pe\u00e7a em causa at\u00e9 15 dias ap\u00f3s a chegada; Se aceito, voc\u00ea pode: 2. Enviar o item de volta para n\u00f3s (suportar os custos). Quando o artigo chegar, iremos reembols\u00e1-lo at\u00e9 15 dias ap\u00f3s a sua rece\u00e7\u00e3o.<br>Lembre-se: Se optar pelo envio normal em CTT ou qualquer tipo de sistema de entrega n\u00e3o rastreado, n\u00e3o nos responsabilizamos por qualquer dano ou perda de envio.<\/p><p><strong>Reparos e manuten\u00e7\u00e3o<\/strong><\/p><p class=\"translation-block\">Caso deseje um reparo ou manuten\u00e7\u00e3o, <a href=\"http:\/\/127.0.0.1\/wordpress\/contact-us\/\" target=\"_self\">entre em contato conosco.<\/a> Dependendo do tipo de taxas extras de danos podem ser aplicadas, incluindo o <a href=\"http:\/\/127.0.0.1\/wordpress\/shipping-info\/\" target=\"_self\">custo de envio<\/a>.<\/p><p><strong>Envio<\/strong><\/p><p class=\"translation-block\">O <a href=\"http:\/\/127.0.0.1\/wordpress\/shipping-info\/\" target=\"_self\">pre\u00e7o de envio<\/a> \u00e9 de inteira responsabilidade do cliente, exceto qualquer promo\u00e7\u00e3o que se refira ao contr\u00e1rio.<\/p><p>Todas as encomendas ser\u00e3o entregues pelos CTT \u2013 Correios de Portugal, S.A.<\/p><p>Existem duas categorias principais de envio: \u2013 Normal e \u2013 Registrado (rastreado).<\/p><p>Se a categoria normal de envio for escolhida, n\u00e3o ser\u00e1 nossa responsabilidade em caso de danos ou extravio de envio. Ainda n\u00e3o tivemos nenhum problema com a categoria normal, embora a op\u00e7\u00e3o mais segura seja a registada por ser rastreada.<\/p><p>Tiramos sempre uma foto da encomenda quando \u00e9 enviada.<\/p><p><b>Obtenha as informa\u00e7\u00f5es completas<\/b><\/p><p class=\"translation-block\">Somos defeituosos e relativamente novos para esta declara\u00e7\u00e3o de lan\u00e7amentos, a fim de obter o informa\u00e7\u00e3o completa, visite <a href=\"http:\/\/127.0.0.1\/wordpress\/terms-and-conditions\/\" target=\"_self\">termos e condi\u00e7\u00f5es<\/a>, <a href=\"http:\/\/127.0.0.1\/wordpress\/privacy-policy\/\" target=\"_self\">pol\u00edtica de privacidade<\/a> e, se necess\u00e1rio, entre em contato connosco em <a href=\"http:\/\/127.0.0.1\/wordpress\/contact-us\/\" target=\"_self\">aqui<\/a> (todos s\u00e3o hiperlinks - eles est\u00e3o espalhados por todo o texto, basta deslizar o rato sobre o texto).<\/p>\t\t\t\t\t\t\t\t<\/div>\n\t\t\t\t<\/div>\n\t\t\t\t\t<\/div>\n\t\t<\/div>\n\t\t\t\t\t<\/div>\n\t\t<\/section>\n\t\t\t\t<\/div>","protected":false},"excerpt":{"rendered":"<p>Disclaimer General notice ~ The products that we create are unique, made with mostly natural materials from the places we&#8217;ve been to and people we&#8217;ve met. There are some jewellery that can be multiplied but having in mind that every piece is handmade, each having exclusive features and some differences. ~ Exchanges and Returns According [&hellip;]<\/p>","protected":false},"author":1,"featured_media":0,"parent":0,"menu_order":0,"comment_status":"closed","ping_status":"closed","template":"","meta":{"site-sidebar-layout":"no-sidebar","site-content-layout":"page-builder","ast-site-content-layout":"default","site-content-style":"default","site-sidebar-style":"default","ast-global-header-display":"","ast-banner-title-visibility":"","ast-main-header-display":"","ast-hfb-above-header-display":"","ast-hfb-below-header-display":"","ast-hfb-mobile-header-display":"","site-post-title":"disabled","ast-breadcrumbs-content":"","ast-featured-img":"disabled","footer-sml-layout":"","ast-disable-related-posts":"","theme-transparent-header-meta":"","adv-header-id-meta":"","stick-header-meta":"","header-above-stick-meta":"","header-main-stick-meta":"","header-below-stick-meta":"","astra-migrate-meta-layouts":"default","ast-page-background-enabled":"default","ast-page-background-meta":{"desktop":{"background-color":"","background-image":"","background-repeat":"repeat","background-position":"center center","background-size":"auto","background-attachment":"scroll","background-type":"","background-media":"","overlay-type":"","overlay-color":"","overlay-opacity":"","overlay-gradient":""},"tablet":{"background-color":"","background-image":"","background-repeat":"repeat","background-position":"center center","background-size":"auto","background-attachment":"scroll","background-type":"","background-media":"","overlay-type":"","overlay-color":"","overlay-opacity":"","overlay-gradient":""},"mobile":{"background-color":"","background-image":"","background-repeat":"repeat","background-position":"center center","background-size":"auto","background-attachment":"scroll","background-type":"","background-media":"","overlay-type":"","overlay-color":"","overlay-opacity":"","overlay-gradient":""}},"ast-content-background-meta":{"desktop":{"background-color":"var(--ast-global-color-5)","background-image":"","background-repeat":"repeat","background-position":"center center","background-size":"auto","background-attachment":"scroll","background-type":"","background-media":"","overlay-type":"","overlay-color":"","overlay-opacity":"","overlay-gradient":""},"tablet":{"background-color":"var(--ast-global-color-5)","background-image":"","background-repeat":"repeat","background-position":"center center","background-size":"auto","background-attachment":"scroll","background-type":"","background-media":"","overlay-type":"","overlay-color":"","overlay-opacity":"","overlay-gradient":""},"mobile":{"background-color":"var(--ast-global-color-5)","background-image":"","background-repeat":"repeat","background-position":"center center","background-size":"auto","background-attachment":"scroll","background-type":"","background-media":"","overlay-type":"","overlay-color":"","overlay-opacity":"","overlay-gradient":""}},"footnotes":""},"class_list":["post-4318","page","type-page","status-publish","hentry"],"_links":{"self":[{"href":"https:\/\/druidauniverse.com\/pt\/wp-json\/wp\/v2\/pages\/4318","targetHints":{"allow":["GET"]}}],"collection":[{"href":"https:\/\/druidauniverse.com\/pt\/wp-json\/wp\/v2\/pages"}],"about":[{"href":"https:\/\/druidauniverse.com\/pt\/wp-json\/wp\/v2\/types\/page"}],"author":[{"embeddable":true,"href":"https:\/\/druidauniverse.com\/pt\/wp-json\/wp\/v2\/users\/1"}],"replies":[{"embeddable":true,"href":"https:\/\/druidauniverse.com\/pt\/wp-json\/wp\/v2\/comments?post=4318"}],"version-history":[{"count":58,"href":"https:\/\/druidauniverse.com\/pt\/wp-json\/wp\/v2\/pages\/4318\/revisions"}],"predecessor-version":[{"id":6154,"href":"https:\/\/druidauniverse.com\/pt\/wp-json\/wp\/v2\/pages\/4318\/revisions\/6154"}],"wp:attachment":[{"href":"https:\/\/druidauniverse.com\/pt\/wp-json\/wp\/v2\/media?parent=4318"}],"curies":[{"name":"wp","href":"https:\/\/api.w.org\/{rel}","templated":true}]}}