{"id":3994,"date":"2021-12-08T11:58:13","date_gmt":"2021-12-08T11:58:13","guid":{"rendered":"https:\/\/druidauniverse.com\/?post_type=product&#038;p=3994"},"modified":"2023-06-06T17:53:18","modified_gmt":"2023-06-06T17:53:18","slug":"shell-with-a-pearl","status":"publish","type":"product","link":"https:\/\/druidauniverse.com\/pt\/produto\/shell-with-a-pearl\/","title":{"rendered":"Shell with a pearl"},"content":{"rendered":"<p style=\"text-align: center;\">~ Have a memory of the sea with you ~<\/p>\n<p>In order to take out a pearl most of the times the animal dies. For that, we created a dream catcher where the value is attributed to the pearl inside the animal instead of out.<\/p>","protected":false},"excerpt":{"rendered":"<p class=\"\">Handmade \u2022 Medium<\/p>\n<p class=\"\">Cada pe\u00e7a que fazemos \u00e9 \u00fanica, com a sua pr\u00f3pria hist\u00f3ria.<\/p>\n<p class=\"\">Stone: RJ, Brasil<\/p>\n<p class=\"\">Wood: Carrica, Portugal<\/p>\n<p class=\"\">Threads: Carrica, Portugal<\/p>\n<p>Wire: Tourencinho, Portugal<\/p>\n<p>Beads: Faro, Portugal.<\/p>","protected":false},"featured_media":3991,"comment_status":"open","ping_status":"closed","template":"","meta":{"site-sidebar-layout":"default","site-content-layout":"default","ast-site-content-layout":"default","site-content-style":"default","site-sidebar-style":"default","ast-global-header-display":"","ast-banner-title-visibility":"","ast-main-header-display":"","ast-hfb-above-header-display":"","ast-hfb-below-header-display":"","ast-hfb-mobile-header-display":"","site-post-title":"","ast-breadcrumbs-content":"","ast-featured-img":"","footer-sml-layout":"","ast-disable-related-posts":"","theme-transparent-header-meta":"default","adv-header-id-meta":"","stick-header-meta":"","header-above-stick-meta":"","header-main-stick-meta":"","header-below-stick-meta":"","astra-migrate-meta-layouts":"default","ast-page-background-enabled":"default","ast-page-background-meta":{"desktop":{"background-color":"","background-image":"","background-repeat":"repeat","background-position":"center center","background-size":"auto","background-attachment":"scroll","background-type":"","background-media":"","overlay-type":"","overlay-color":"","overlay-opacity":"","overlay-gradient":""},"tablet":{"background-color":"","background-image":"","background-repeat":"repeat","background-position":"center center","background-size":"auto","background-attachment":"scroll","background-type":"","background-media":"","overlay-type":"","overlay-color":"","overlay-opacity":"","overlay-gradient":""},"mobile":{"background-color":"","background-image":"","background-repeat":"repeat","background-position":"center center","background-size":"auto","background-attachment":"scroll","background-type":"","background-media":"","overlay-type":"","overlay-color":"","overlay-opacity":"","overlay-gradient":""}},"ast-content-background-meta":{"desktop":{"background-color":"var(--ast-global-color-5)","background-image":"","background-repeat":"repeat","background-position":"center center","background-size":"auto","background-attachment":"scroll","background-type":"","background-media":"","overlay-type":"","overlay-color":"","overlay-opacity":"","overlay-gradient":""},"tablet":{"background-color":"var(--ast-global-color-5)","background-image":"","background-repeat":"repeat","background-position":"center center","background-size":"auto","background-attachment":"scroll","background-type":"","background-media":"","overlay-type":"","overlay-color":"","overlay-opacity":"","overlay-gradient":""},"mobile":{"background-color":"var(--ast-global-color-5)","background-image":"","background-repeat":"repeat","background-position":"center center","background-size":"auto","background-attachment":"scroll","background-type":"","background-media":"","overlay-type":"","overlay-color":"","overlay-opacity":"","overlay-gradient":""}}},"product_brand":[],"product_cat":[48],"product_tag":[118,119,122,123,121,120],"class_list":{"0":"post-3994","1":"product","2":"type-product","3":"status-publish","4":"has-post-thumbnail","6":"product_cat-dream-catchers","7":"product_tag-connectwithnature","8":"product_tag-handmade","9":"product_tag-harmoniousproduct","10":"product_tag-shelldreamcatcher","11":"product_tag-sustainable","12":"product_tag-woodwork","13":"desktop-align-left","14":"tablet-align-left","15":"mobile-align-left","17":"first","18":"instock","19":"shipping-taxable","20":"purchasable","21":"product-type-simple"},"_links":{"self":[{"href":"https:\/\/druidauniverse.com\/pt\/wp-json\/wp\/v2\/product\/3994","targetHints":{"allow":["GET"]}}],"collection":[{"href":"https:\/\/druidauniverse.com\/pt\/wp-json\/wp\/v2\/product"}],"about":[{"href":"https:\/\/druidauniverse.com\/pt\/wp-json\/wp\/v2\/types\/product"}],"replies":[{"embeddable":true,"href":"https:\/\/druidauniverse.com\/pt\/wp-json\/wp\/v2\/comments?post=3994"}],"version-history":[{"count":9,"href":"https:\/\/druidauniverse.com\/pt\/wp-json\/wp\/v2\/product\/3994\/revisions"}],"predecessor-version":[{"id":5139,"href":"https:\/\/druidauniverse.com\/pt\/wp-json\/wp\/v2\/product\/3994\/revisions\/5139"}],"wp:featuredmedia":[{"embeddable":true,"href":"https:\/\/druidauniverse.com\/pt\/wp-json\/wp\/v2\/media\/3991"}],"wp:attachment":[{"href":"https:\/\/druidauniverse.com\/pt\/wp-json\/wp\/v2\/media?parent=3994"}],"wp:term":[{"taxonomy":"product_brand","embeddable":true,"href":"https:\/\/druidauniverse.com\/pt\/wp-json\/wp\/v2\/product_brand?post=3994"},{"taxonomy":"product_cat","embeddable":true,"href":"https:\/\/druidauniverse.com\/pt\/wp-json\/wp\/v2\/product_cat?post=3994"},{"taxonomy":"product_tag","embeddable":true,"href":"https:\/\/druidauniverse.com\/pt\/wp-json\/wp\/v2\/product_tag?post=3994"}],"curies":[{"name":"wp","href":"https:\/\/api.w.org\/{rel}","templated":true}]}}