{"id":3998,"date":"2021-12-08T12:25:32","date_gmt":"2021-12-08T12:25:32","guid":{"rendered":"https:\/\/druidauniverse.com\/?post_type=product&#038;p=3998"},"modified":"2022-02-01T22:02:28","modified_gmt":"2022-02-01T22:02:28","slug":"dusk-ring","status":"publish","type":"product","link":"https:\/\/druidauniverse.com\/pt\/produto\/dusk-ring\/","title":{"rendered":"Dusk Ring"},"content":{"rendered":"<p>Viking styled ring<\/p>","protected":false},"excerpt":{"rendered":"<div id=\"yui_3_17_2_1_1638965959238_421\" class=\"ProductItem-details-excerpt\" data-content-field=\"excerpt\">\n<p>Feito \u00e0 m\u00e3o \u2022 Personaliz\u00e1vel<\/p>\n<p>Cada pe\u00e7a que fazemos \u00e9 \u00fanica, com a sua pr\u00f3pria hist\u00f3ria.<\/p>\n<p class=\"\">Silver 950 \u2022 aged silver<\/p>\n<p id=\"yui_3_17_2_1_1638965959238_432\" class=\"\">Na imagem medidas desde o n\u00ba14 ao n\u00ba17<\/p>\n<\/div>","protected":false},"featured_media":5795,"comment_status":"open","ping_status":"closed","template":"","meta":{"site-sidebar-layout":"default","site-content-layout":"default","ast-site-content-layout":"default","site-content-style":"default","site-sidebar-style":"default","ast-global-header-display":"","ast-banner-title-visibility":"","ast-main-header-display":"","ast-hfb-above-header-display":"","ast-hfb-below-header-display":"","ast-hfb-mobile-header-display":"","site-post-title":"","ast-breadcrumbs-content":"","ast-featured-img":"","footer-sml-layout":"","ast-disable-related-posts":"","theme-transparent-header-meta":"default","adv-header-id-meta":"","stick-header-meta":"","header-above-stick-meta":"","header-main-stick-meta":"","header-below-stick-meta":"","astra-migrate-meta-layouts":"default","ast-page-background-enabled":"default","ast-page-background-meta":{"desktop":{"background-color":"","background-image":"","background-repeat":"repeat","background-position":"center center","background-size":"auto","background-attachment":"scroll","background-type":"","background-media":"","overlay-type":"","overlay-color":"","overlay-opacity":"","overlay-gradient":""},"tablet":{"background-color":"","background-image":"","background-repeat":"repeat","background-position":"center center","background-size":"auto","background-attachment":"scroll","background-type":"","background-media":"","overlay-type":"","overlay-color":"","overlay-opacity":"","overlay-gradient":""},"mobile":{"background-color":"","background-image":"","background-repeat":"repeat","background-position":"center center","background-size":"auto","background-attachment":"scroll","background-type":"","background-media":"","overlay-type":"","overlay-color":"","overlay-opacity":"","overlay-gradient":""}},"ast-content-background-meta":{"desktop":{"background-color":"var(--ast-global-color-5)","background-image":"","background-repeat":"repeat","background-position":"center center","background-size":"auto","background-attachment":"scroll","background-type":"","background-media":"","overlay-type":"","overlay-color":"","overlay-opacity":"","overlay-gradient":""},"tablet":{"background-color":"var(--ast-global-color-5)","background-image":"","background-repeat":"repeat","background-position":"center center","background-size":"auto","background-attachment":"scroll","background-type":"","background-media":"","overlay-type":"","overlay-color":"","overlay-opacity":"","overlay-gradient":""},"mobile":{"background-color":"var(--ast-global-color-5)","background-image":"","background-repeat":"repeat","background-position":"center center","background-size":"auto","background-attachment":"scroll","background-type":"","background-media":"","overlay-type":"","overlay-color":"","overlay-opacity":"","overlay-gradient":""}}},"product_brand":[],"product_cat":[49],"product_tag":[128,118,127,126,125,129],"class_list":{"0":"post-3998","1":"product","2":"type-product","3":"status-publish","4":"has-post-thumbnail","6":"product_cat-jewelry","7":"product_tag-agedsilver","8":"product_tag-connectwithnature","9":"product_tag-duskring","10":"product_tag-handmadejewelry","11":"product_tag-naturalart","12":"product_tag-silver950","13":"desktop-align-left","14":"tablet-align-left","15":"mobile-align-left","17":"first","18":"onbackorder","19":"shipping-taxable","20":"purchasable","21":"product-type-simple"},"_links":{"self":[{"href":"https:\/\/druidauniverse.com\/pt\/wp-json\/wp\/v2\/product\/3998","targetHints":{"allow":["GET"]}}],"collection":[{"href":"https:\/\/druidauniverse.com\/pt\/wp-json\/wp\/v2\/product"}],"about":[{"href":"https:\/\/druidauniverse.com\/pt\/wp-json\/wp\/v2\/types\/product"}],"replies":[{"embeddable":true,"href":"https:\/\/druidauniverse.com\/pt\/wp-json\/wp\/v2\/comments?post=3998"}],"version-history":[{"count":7,"href":"https:\/\/druidauniverse.com\/pt\/wp-json\/wp\/v2\/product\/3998\/revisions"}],"predecessor-version":[{"id":4904,"href":"https:\/\/druidauniverse.com\/pt\/wp-json\/wp\/v2\/product\/3998\/revisions\/4904"}],"wp:featuredmedia":[{"embeddable":true,"href":"https:\/\/druidauniverse.com\/pt\/wp-json\/wp\/v2\/media\/5795"}],"wp:attachment":[{"href":"https:\/\/druidauniverse.com\/pt\/wp-json\/wp\/v2\/media?parent=3998"}],"wp:term":[{"taxonomy":"product_brand","embeddable":true,"href":"https:\/\/druidauniverse.com\/pt\/wp-json\/wp\/v2\/product_brand?post=3998"},{"taxonomy":"product_cat","embeddable":true,"href":"https:\/\/druidauniverse.com\/pt\/wp-json\/wp\/v2\/product_cat?post=3998"},{"taxonomy":"product_tag","embeddable":true,"href":"https:\/\/druidauniverse.com\/pt\/wp-json\/wp\/v2\/product_tag?post=3998"}],"curies":[{"name":"wp","href":"https:\/\/api.w.org\/{rel}","templated":true}]}}