{"id":4001,"date":"2021-12-08T12:37:31","date_gmt":"2021-12-08T12:37:31","guid":{"rendered":"https:\/\/druidauniverse.com\/?post_type=product&#038;p=4001"},"modified":"2023-06-07T10:13:50","modified_gmt":"2023-06-07T10:13:50","slug":"whale-ring","status":"publish","type":"product","link":"https:\/\/druidauniverse.com\/pt\/produto\/whale-ring\/","title":{"rendered":"Anel baleia"},"content":{"rendered":"<h4 style=\"text-align: center;\">\u00a0~ Anda com uma mem\u00f3ria do mar no teu dedo ~<\/h4>\n<p>&nbsp;<\/p>\n<p class=\"translation-block\">A <strong> sa\u00fade das baleias <\/strong> est\u00e1 relacionada e \u00e9 um <strong> forte indicador da sa\u00fade do oceano <\/strong>. Todos os anos baleias ao redor do mundo est\u00e3o a aparecer mortas ou em estado cr\u00edtico, com os seus estom\u00e2gos cheios de pl\u00e1stico. \"O predador mais mort\u00edfero do mar\".<\/p>\n<p class=\"translation-block\">Mas as baleias est\u00e3o longe de ser as \u00fanicas. A UNESCO estima que  <a href=\"http:\/\/www.unesco.org\/new\/en\/natural-sciences\/ioc-oceans\/focus-areas\/rio-20-ocean\/blueprint-for-the-future-we-want\/marine-pollution\/facts-and-figures-on-marine-pollution\/\" target=\"_self\">100,000 mam\u00edferos marinhos morrem devido \u00e0 polui\u00e7\u00e3o de pl\u00e1sticos a cada ano e 1.000.000,00 de aves marinhas. <\/a><\/p>\n<p class=\"translation-block\"><em> Proteger o oceano \u00e9 crucial para preservar a vida na Terra <\/em>. As baleias s\u00e3o um grande peda\u00e7o disso! Em m\u00e9dia, uma baleia durante a sua vida captura a mesma quantidade de carbono que 1000 \u00e1rvores.<\/p>\n<p>Com esta pe\u00e7a esperamos lembrar o quanto os nossos primos do mar precisam de n\u00f3s para reduzir o consumo de pl\u00e1stico.<\/p>\n<p>Fontes: UNESCO; WWF; National Geographic (para mais detalhes perguntem-nos).<\/p>\n<p class=\"translation-block\">-&gt; <strong> Por cada compra 10% do valor vai para a Ocean Hub Portugal (SOA Sustainable Ocean Alliance). <\/strong><\/p>","protected":false},"excerpt":{"rendered":"<p>Feito \u00e0 m\u00e3o \u2022 Personaliz\u00e1vel<\/p>\n<p>Prata 950<\/p>\n<p>Na imagem medidas desde o n\u00ba14 ao n\u00ba17<\/p>\n<p>Cada pe\u00e7a que fazemos \u00e9 \u00fanica, com a sua pr\u00f3pria hist\u00f3ria.<\/p>","protected":false},"featured_media":6706,"comment_status":"open","ping_status":"closed","template":"","meta":{"site-sidebar-layout":"default","site-content-layout":"default","ast-site-content-layout":"default","site-content-style":"default","site-sidebar-style":"default","ast-global-header-display":"","ast-banner-title-visibility":"","ast-main-header-display":"","ast-hfb-above-header-display":"","ast-hfb-below-header-display":"","ast-hfb-mobile-header-display":"","site-post-title":"","ast-breadcrumbs-content":"","ast-featured-img":"","footer-sml-layout":"","ast-disable-related-posts":"","theme-transparent-header-meta":"default","adv-header-id-meta":"","stick-header-meta":"","header-above-stick-meta":"","header-main-stick-meta":"","header-below-stick-meta":"","astra-migrate-meta-layouts":"default","ast-page-background-enabled":"default","ast-page-background-meta":{"desktop":{"background-color":"","background-image":"","background-repeat":"repeat","background-position":"center center","background-size":"auto","background-attachment":"scroll","background-type":"","background-media":"","overlay-type":"","overlay-color":"","overlay-opacity":"","overlay-gradient":""},"tablet":{"background-color":"","background-image":"","background-repeat":"repeat","background-position":"center center","background-size":"auto","background-attachment":"scroll","background-type":"","background-media":"","overlay-type":"","overlay-color":"","overlay-opacity":"","overlay-gradient":""},"mobile":{"background-color":"","background-image":"","background-repeat":"repeat","background-position":"center center","background-size":"auto","background-attachment":"scroll","background-type":"","background-media":"","overlay-type":"","overlay-color":"","overlay-opacity":"","overlay-gradient":""}},"ast-content-background-meta":{"desktop":{"background-color":"var(--ast-global-color-5)","background-image":"","background-repeat":"repeat","background-position":"center center","background-size":"auto","background-attachment":"scroll","background-type":"","background-media":"","overlay-type":"","overlay-color":"","overlay-opacity":"","overlay-gradient":""},"tablet":{"background-color":"var(--ast-global-color-5)","background-image":"","background-repeat":"repeat","background-position":"center center","background-size":"auto","background-attachment":"scroll","background-type":"","background-media":"","overlay-type":"","overlay-color":"","overlay-opacity":"","overlay-gradient":""},"mobile":{"background-color":"var(--ast-global-color-5)","background-image":"","background-repeat":"repeat","background-position":"center center","background-size":"auto","background-attachment":"scroll","background-type":"","background-media":"","overlay-type":"","overlay-color":"","overlay-opacity":"","overlay-gradient":""}}},"product_brand":[],"product_cat":[49],"product_tag":[72,118,132,126,131,125,220,221,224,223,129,222,130],"class_list":{"0":"post-4001","1":"product","2":"type-product","3":"status-publish","4":"has-post-thumbnail","6":"product_cat-jewelry","7":"product_tag-savetheplanet","8":"product_tag-connectwithnature","9":"product_tag-costumdesign","10":"product_tag-handmadejewelry","11":"product_tag-mermaidring","12":"product_tag-naturalart","13":"product_tag-ocean","14":"product_tag-oceanhubportugal","15":"product_tag-save-the-oceans","16":"product_tag-save-the-whales","17":"product_tag-silver950","18":"product_tag-soa","19":"product_tag-whalering","20":"desktop-align-left","21":"tablet-align-left","22":"mobile-align-left","24":"first","25":"onbackorder","26":"shipping-taxable","27":"purchasable","28":"product-type-simple"},"_links":{"self":[{"href":"https:\/\/druidauniverse.com\/pt\/wp-json\/wp\/v2\/product\/4001","targetHints":{"allow":["GET"]}}],"collection":[{"href":"https:\/\/druidauniverse.com\/pt\/wp-json\/wp\/v2\/product"}],"about":[{"href":"https:\/\/druidauniverse.com\/pt\/wp-json\/wp\/v2\/types\/product"}],"replies":[{"embeddable":true,"href":"https:\/\/druidauniverse.com\/pt\/wp-json\/wp\/v2\/comments?post=4001"}],"version-history":[{"count":7,"href":"https:\/\/druidauniverse.com\/pt\/wp-json\/wp\/v2\/product\/4001\/revisions"}],"predecessor-version":[{"id":4902,"href":"https:\/\/druidauniverse.com\/pt\/wp-json\/wp\/v2\/product\/4001\/revisions\/4902"}],"wp:featuredmedia":[{"embeddable":true,"href":"https:\/\/druidauniverse.com\/pt\/wp-json\/wp\/v2\/media\/6706"}],"wp:attachment":[{"href":"https:\/\/druidauniverse.com\/pt\/wp-json\/wp\/v2\/media?parent=4001"}],"wp:term":[{"taxonomy":"product_brand","embeddable":true,"href":"https:\/\/druidauniverse.com\/pt\/wp-json\/wp\/v2\/product_brand?post=4001"},{"taxonomy":"product_cat","embeddable":true,"href":"https:\/\/druidauniverse.com\/pt\/wp-json\/wp\/v2\/product_cat?post=4001"},{"taxonomy":"product_tag","embeddable":true,"href":"https:\/\/druidauniverse.com\/pt\/wp-json\/wp\/v2\/product_tag?post=4001"}],"curies":[{"name":"wp","href":"https:\/\/api.w.org\/{rel}","templated":true}]}}