{"id":4138,"date":"2021-12-11T10:20:52","date_gmt":"2021-12-11T10:20:52","guid":{"rendered":"https:\/\/druidauniverse.com\/?post_type=product&#038;p=4138"},"modified":"2022-01-27T15:24:00","modified_gmt":"2022-01-27T15:24:00","slug":"bamboo-filters","status":"publish","type":"product","link":"https:\/\/druidauniverse.com\/pt\/produto\/bamboo-filters\/","title":{"rendered":"Filtros de bamboo"},"content":{"rendered":"<p>Reusable eco filter.<\/p>\n<p>Did you know that bamboo belongs to Bambusoideae subfamily of the <strong>perennial evergreen grass<\/strong> family Poaceae (Gramineae) and that a bamboo grove survived the radiation of the atomic bombings in Hiroshima, Japan in 1945, just to see how of a resilient material it resembles. The culms from the grove are preserved on a museum in Hiroshima.<\/p>\n<p>Easy to clean in 2 distinct steps:<br \/>\n1. Dip in alcohol until garbage is dissolved or ready to step 2<br \/>\n2. With a cotton swab or a little swab take the rest of residue out.<\/p>","protected":false},"excerpt":{"rendered":"<p>\u2022 Handmade \u2022<\/p>\n<p>Customizable in smaller\/ bigger size and design.<\/p>\n<p>Bamboo from Brasil<\/p>\n<p>Cada pe\u00e7a que fazemos \u00e9 \u00fanica, com a sua pr\u00f3pria hist\u00f3ria.<\/p>","protected":false},"featured_media":5626,"comment_status":"open","ping_status":"closed","template":"","meta":{"site-sidebar-layout":"default","site-content-layout":"default","ast-site-content-layout":"default","site-content-style":"default","site-sidebar-style":"default","ast-global-header-display":"","ast-banner-title-visibility":"","ast-main-header-display":"","ast-hfb-above-header-display":"","ast-hfb-below-header-display":"","ast-hfb-mobile-header-display":"","site-post-title":"","ast-breadcrumbs-content":"","ast-featured-img":"","footer-sml-layout":"","ast-disable-related-posts":"","theme-transparent-header-meta":"default","adv-header-id-meta":"","stick-header-meta":"","header-above-stick-meta":"","header-main-stick-meta":"","header-below-stick-meta":"","astra-migrate-meta-layouts":"default","ast-page-background-enabled":"default","ast-page-background-meta":{"desktop":{"background-color":"","background-image":"","background-repeat":"repeat","background-position":"center center","background-size":"auto","background-attachment":"scroll","background-type":"","background-media":"","overlay-type":"","overlay-color":"","overlay-opacity":"","overlay-gradient":""},"tablet":{"background-color":"","background-image":"","background-repeat":"repeat","background-position":"center center","background-size":"auto","background-attachment":"scroll","background-type":"","background-media":"","overlay-type":"","overlay-color":"","overlay-opacity":"","overlay-gradient":""},"mobile":{"background-color":"","background-image":"","background-repeat":"repeat","background-position":"center center","background-size":"auto","background-attachment":"scroll","background-type":"","background-media":"","overlay-type":"","overlay-color":"","overlay-opacity":"","overlay-gradient":""}},"ast-content-background-meta":{"desktop":{"background-color":"var(--ast-global-color-5)","background-image":"","background-repeat":"repeat","background-position":"center center","background-size":"auto","background-attachment":"scroll","background-type":"","background-media":"","overlay-type":"","overlay-color":"","overlay-opacity":"","overlay-gradient":""},"tablet":{"background-color":"var(--ast-global-color-5)","background-image":"","background-repeat":"repeat","background-position":"center center","background-size":"auto","background-attachment":"scroll","background-type":"","background-media":"","overlay-type":"","overlay-color":"","overlay-opacity":"","overlay-gradient":""},"mobile":{"background-color":"var(--ast-global-color-5)","background-image":"","background-repeat":"repeat","background-position":"center center","background-size":"auto","background-attachment":"scroll","background-type":"","background-media":"","overlay-type":"","overlay-color":"","overlay-opacity":"","overlay-gradient":""}}},"product_brand":[],"product_cat":[44],"product_tag":[69,71,70,72,138,140,118,119,125,139,141],"class_list":{"0":"post-4138","1":"product","2":"type-product","3":"status-publish","4":"has-post-thumbnail","6":"product_cat-diverse","7":"product_tag-recycle","8":"product_tag-reduce","9":"product_tag-reuse","10":"product_tag-savetheplanet","11":"product_tag-bamboo","12":"product_tag-bamboofilters","13":"product_tag-connectwithnature","14":"product_tag-handmade","15":"product_tag-naturalart","16":"product_tag-sustainablefilters","17":"product_tag-therealchangeiswhithin","18":"desktop-align-left","19":"tablet-align-left","20":"mobile-align-left","22":"first","23":"instock","24":"shipping-taxable","25":"purchasable","26":"product-type-simple"},"_links":{"self":[{"href":"https:\/\/druidauniverse.com\/pt\/wp-json\/wp\/v2\/product\/4138","targetHints":{"allow":["GET"]}}],"collection":[{"href":"https:\/\/druidauniverse.com\/pt\/wp-json\/wp\/v2\/product"}],"about":[{"href":"https:\/\/druidauniverse.com\/pt\/wp-json\/wp\/v2\/types\/product"}],"replies":[{"embeddable":true,"href":"https:\/\/druidauniverse.com\/pt\/wp-json\/wp\/v2\/comments?post=4138"}],"version-history":[{"count":4,"href":"https:\/\/druidauniverse.com\/pt\/wp-json\/wp\/v2\/product\/4138\/revisions"}],"predecessor-version":[{"id":5130,"href":"https:\/\/druidauniverse.com\/pt\/wp-json\/wp\/v2\/product\/4138\/revisions\/5130"}],"wp:featuredmedia":[{"embeddable":true,"href":"https:\/\/druidauniverse.com\/pt\/wp-json\/wp\/v2\/media\/5626"}],"wp:attachment":[{"href":"https:\/\/druidauniverse.com\/pt\/wp-json\/wp\/v2\/media?parent=4138"}],"wp:term":[{"taxonomy":"product_brand","embeddable":true,"href":"https:\/\/druidauniverse.com\/pt\/wp-json\/wp\/v2\/product_brand?post=4138"},{"taxonomy":"product_cat","embeddable":true,"href":"https:\/\/druidauniverse.com\/pt\/wp-json\/wp\/v2\/product_cat?post=4138"},{"taxonomy":"product_tag","embeddable":true,"href":"https:\/\/druidauniverse.com\/pt\/wp-json\/wp\/v2\/product_tag?post=4138"}],"curies":[{"name":"wp","href":"https:\/\/api.w.org\/{rel}","templated":true}]}}