{"id":5131,"date":"2022-01-15T14:06:16","date_gmt":"2022-01-15T14:06:16","guid":{"rendered":"https:\/\/druidauniverse.com\/?post_type=product&#038;p=5131"},"modified":"2025-10-31T22:39:23","modified_gmt":"2025-10-31T22:39:23","slug":"fibonacci-pendant-ii","status":"publish","type":"product","link":"https:\/\/druidauniverse.com\/pt\/produto\/fibonacci-pendant-ii\/","title":{"rendered":"Fibonacci Pendant II"},"content":{"rendered":"<p>Scientific Name: <strong>Ammonoidea<\/strong> \u2022 Type: <strong>Prehistoric Animals<\/strong> \u2022 Diet: <strong>Carnivore<\/strong><\/p>\n<p>With squidlike tentacles extending from their distinctive multichambered shells, the <strong>extinct marine predators<\/strong> known as ammonites were once among <strong>the most successful and diverse animals on Earth<\/strong>, true ammonites are a suborder of ammonoids that didn\u2019t appear until about 200 million years ago, in the Jurassic period.<\/p>\n<p>During their long history, <strong>ammonites survived three mass extinctions<\/strong> but came to an end 66 million years ago, during the planet\u2019s most recent mass extinction event. In the final days of the Cretaceous, a 7.5-mile-wide (12km-wide) asteroid slammed into Earth and killed off more than three-quarters of all species on the planet. Some scientists hypothesize that the ammonites couldn\u2019t survive the aftermath because of the sudden decline of their main food source: marine plankton\u201d<br \/>\nSource: National geographic<\/p>\n<p><em>By being in the presence of these extinct fascinating creatures, among many things we shine a light on our finitude<\/em>, no matter how big their species developed in the past or in which place in the food chain they where at, they still perish when faced with the unpredictable.<br \/>\n<em>For that, let\u2019s not waste anymore time.<\/em><\/p>\n<p>Curious fact: Humans \u2013 homo sapiens sapiens are on the top of the food web nowadays.<\/p>","protected":false},"excerpt":{"rendered":"<div id=\"yui_3_17_2_1_1638967663469_427\" class=\"ProductItem-details-excerpt\" data-content-field=\"excerpt\">\n<p class=\"\">Handmade \u2022 Ammonite<\/p>\n<p class=\"\">Prata 950<\/p>\n<p>Ammonite from Brazil.<\/p>\n<p class=\"\">Cada pe\u00e7a que fazemos \u00e9 \u00fanica, com a sua pr\u00f3pria hist\u00f3ria.<\/p>\n<p class=\"\">Be part of its history!<\/p>\n<p>&#8212;&#8212;&#8212;&#8212;&#8212;&#8212;&#8212;-SOLD &#8212;&#8212;&#8212;&#8212;&#8212;&#8212;&#8212;-<\/p>\n<\/div>","protected":false},"featured_media":5783,"comment_status":"open","ping_status":"closed","template":"","meta":{"site-sidebar-layout":"default","site-content-layout":"default","ast-site-content-layout":"default","site-content-style":"default","site-sidebar-style":"default","ast-global-header-display":"","ast-banner-title-visibility":"","ast-main-header-display":"","ast-hfb-above-header-display":"","ast-hfb-below-header-display":"","ast-hfb-mobile-header-display":"","site-post-title":"","ast-breadcrumbs-content":"","ast-featured-img":"","footer-sml-layout":"","ast-disable-related-posts":"","theme-transparent-header-meta":"default","adv-header-id-meta":"","stick-header-meta":"","header-above-stick-meta":"","header-main-stick-meta":"","header-below-stick-meta":"","astra-migrate-meta-layouts":"default","ast-page-background-enabled":"default","ast-page-background-meta":{"desktop":{"background-color":"","background-image":"","background-repeat":"repeat","background-position":"center center","background-size":"auto","background-attachment":"scroll","background-type":"","background-media":"","overlay-type":"","overlay-color":"","overlay-opacity":"","overlay-gradient":""},"tablet":{"background-color":"","background-image":"","background-repeat":"repeat","background-position":"center center","background-size":"auto","background-attachment":"scroll","background-type":"","background-media":"","overlay-type":"","overlay-color":"","overlay-opacity":"","overlay-gradient":""},"mobile":{"background-color":"","background-image":"","background-repeat":"repeat","background-position":"center center","background-size":"auto","background-attachment":"scroll","background-type":"","background-media":"","overlay-type":"","overlay-color":"","overlay-opacity":"","overlay-gradient":""}},"ast-content-background-meta":{"desktop":{"background-color":"var(--ast-global-color-5)","background-image":"","background-repeat":"repeat","background-position":"center center","background-size":"auto","background-attachment":"scroll","background-type":"","background-media":"","overlay-type":"","overlay-color":"","overlay-opacity":"","overlay-gradient":""},"tablet":{"background-color":"var(--ast-global-color-5)","background-image":"","background-repeat":"repeat","background-position":"center center","background-size":"auto","background-attachment":"scroll","background-type":"","background-media":"","overlay-type":"","overlay-color":"","overlay-opacity":"","overlay-gradient":""},"mobile":{"background-color":"var(--ast-global-color-5)","background-image":"","background-repeat":"repeat","background-position":"center center","background-size":"auto","background-attachment":"scroll","background-type":"","background-media":"","overlay-type":"","overlay-color":"","overlay-opacity":"","overlay-gradient":""}}},"product_brand":[],"product_cat":[49],"product_tag":[135,136,118,137,119,126,125,129],"class_list":{"0":"post-5131","1":"product","2":"type-product","3":"status-publish","4":"has-post-thumbnail","6":"product_cat-jewelry","7":"product_tag-ammonite","8":"product_tag-ammonitejewelry","9":"product_tag-connectwithnature","10":"product_tag-fibonaccipendant","11":"product_tag-handmade","12":"product_tag-handmadejewelry","13":"product_tag-naturalart","14":"product_tag-silver950","15":"desktop-align-left","16":"tablet-align-left","17":"mobile-align-left","19":"first","20":"onbackorder","21":"shipping-taxable","22":"purchasable","23":"product-type-simple"},"_links":{"self":[{"href":"https:\/\/druidauniverse.com\/pt\/wp-json\/wp\/v2\/product\/5131","targetHints":{"allow":["GET"]}}],"collection":[{"href":"https:\/\/druidauniverse.com\/pt\/wp-json\/wp\/v2\/product"}],"about":[{"href":"https:\/\/druidauniverse.com\/pt\/wp-json\/wp\/v2\/types\/product"}],"replies":[{"embeddable":true,"href":"https:\/\/druidauniverse.com\/pt\/wp-json\/wp\/v2\/comments?post=5131"}],"version-history":[{"count":5,"href":"https:\/\/druidauniverse.com\/pt\/wp-json\/wp\/v2\/product\/5131\/revisions"}],"predecessor-version":[{"id":6419,"href":"https:\/\/druidauniverse.com\/pt\/wp-json\/wp\/v2\/product\/5131\/revisions\/6419"}],"wp:featuredmedia":[{"embeddable":true,"href":"https:\/\/druidauniverse.com\/pt\/wp-json\/wp\/v2\/media\/5783"}],"wp:attachment":[{"href":"https:\/\/druidauniverse.com\/pt\/wp-json\/wp\/v2\/media?parent=5131"}],"wp:term":[{"taxonomy":"product_brand","embeddable":true,"href":"https:\/\/druidauniverse.com\/pt\/wp-json\/wp\/v2\/product_brand?post=5131"},{"taxonomy":"product_cat","embeddable":true,"href":"https:\/\/druidauniverse.com\/pt\/wp-json\/wp\/v2\/product_cat?post=5131"},{"taxonomy":"product_tag","embeddable":true,"href":"https:\/\/druidauniverse.com\/pt\/wp-json\/wp\/v2\/product_tag?post=5131"}],"curies":[{"name":"wp","href":"https:\/\/api.w.org\/{rel}","templated":true}]}}